{"id":314050,"date":"2023-02-16T18:06:56","date_gmt":"2023-02-16T16:06:56","guid":{"rendered":"https:\/\/prosport.md\/?post_type=product&#038;p=314050"},"modified":"2026-02-16T18:42:35","modified_gmt":"2026-02-16T16:42:35","slug":"adidasi-nike-vomero-plus-hv8150-009","status":"publish","type":"product","link":"https:\/\/dev.prosportmagazin.md\/ro\/product\/adidasi-nike-vomero-plus-hv8150-009\/","title":{"rendered":"Adidasi Nike Vomero Plus (HV8150-009)"},"content":{"rendered":"<p><\/p>\n<p>O structur\u0103 \u00eenalt\u0103 de spum\u0103 u\u0219oar\u0103 \u0219i receptiv\u0103 ofer\u0103 o amortizare de nivel superior.<\/p>\n<p>Du amortizarea maxim\u0103 la nivelul urm\u0103tor cu Vomero Plus. Acesta ofer\u0103 o alergare ultra-confortabil\u0103 pentru alerg\u0103rile de zi cu zi datorit\u0103 unei structuri muntoase de spum\u0103 ZoomX pe toat\u0103 lungimea, cea mai receptiv\u0103 spum\u0103 din industrie. \u00cen plus, partea superioar\u0103 din plas\u0103 inginereasc\u0103 este fabricat\u0103 din fire moale \u0219i respirabil\u0103 pentru o potrivire confortabil\u0103.<\/p>\n<p>Talp\u0103 intermediar\u0103 din spum\u0103 ZoomX<br \/>\nTalpa intermediar\u0103 din spum\u0103 ZoomX ultra-reactiv\u0103 ofer\u0103 cel mai mare retur de energie de la Nike.<\/p>\n<p>Parte superioar\u0103 moale<br \/>\nPartea superioar\u0103 din plas\u0103 inginereasc\u0103 ofer\u0103 o respirabilitate moale.<\/p>\n<p>Trac\u021biune durabil\u0103<br \/>\nTalpa exterioar\u0103 din cauciuc rezistent la abraziune ofer\u0103 o trac\u021biune durabil\u0103.<\/p>\n<p>Detalii produs<br \/>\nGreutate: Aprox. 292g\/10.3oz (M\u0103rimea 10 pentru b\u0103rba\u021bi)<br \/>\n\u00cen\u0103l\u021bime de la c\u0103lc\u00e2i la v\u00e2rf: 10mm<br \/>\nBucle de \u0219ireturi cu textur\u0103 pentru o potrivire reglabil\u0103<br \/>\nDetalii reflectorizante<br \/>\nNu sunt destinate utiliz\u0103rii ca echipament individual de protec\u021bie (EIP)<\/p>\n<p><\/p>","protected":false},"excerpt":{"rendered":"<p>O structur\u0103 \u00eenalt\u0103 de spum\u0103 u\u0219oar\u0103 \u0219i receptiv\u0103 ofer\u0103 o amortizare de nivel superior. Du amortizarea maxim\u0103 la nivelul urm\u0103tor<\/p>\n","protected":false},"featured_media":314067,"template":"","meta":[],"product_brand":[],"product_cat":[2192,2765,2193,38],"product_tag":[],"class_list":{"0":"post-314050","1":"product","2":"type-product","3":"status-publish","4":"has-post-thumbnail","6":"product_cat-toate-incaltaminte-barbati","7":"product_cat-toata-incaltamintea-copii","8":"product_cat-toate-incaltaminte-femei","9":"product_cat-adidasi","10":"pa_etichete-la-comanda","12":"first","13":"instock","14":"taxable","15":"shipping-taxable","16":"purchasable","17":"product-type-variable"},"wcpa_form_fields":null,"_links":{"self":[{"href":"https:\/\/dev.prosportmagazin.md\/ro\/wp-json\/wp\/v2\/product\/314050","targetHints":{"allow":["GET"]}}],"collection":[{"href":"https:\/\/dev.prosportmagazin.md\/ro\/wp-json\/wp\/v2\/product"}],"about":[{"href":"https:\/\/dev.prosportmagazin.md\/ro\/wp-json\/wp\/v2\/types\/product"}],"wp:featuredmedia":[{"embeddable":true,"href":"https:\/\/dev.prosportmagazin.md\/ro\/wp-json\/wp\/v2\/media\/314067"}],"wp:attachment":[{"href":"https:\/\/dev.prosportmagazin.md\/ro\/wp-json\/wp\/v2\/media?parent=314050"}],"wp:term":[{"taxonomy":"product_brand","embeddable":true,"href":"https:\/\/dev.prosportmagazin.md\/ro\/wp-json\/wp\/v2\/product_brand?post=314050"},{"taxonomy":"product_cat","embeddable":true,"href":"https:\/\/dev.prosportmagazin.md\/ro\/wp-json\/wp\/v2\/product_cat?post=314050"},{"taxonomy":"product_tag","embeddable":true,"href":"https:\/\/dev.prosportmagazin.md\/ro\/wp-json\/wp\/v2\/product_tag?post=314050"}],"curies":[{"name":"wp","href":"https:\/\/api.w.org\/{rel}","templated":true}]}}