{"id":314280,"date":"2023-02-16T19:43:55","date_gmt":"2023-02-16T17:43:55","guid":{"rendered":"https:\/\/prosport.md\/?post_type=product&#038;p=314280"},"modified":"2026-02-16T19:58:02","modified_gmt":"2026-02-16T17:58:02","slug":"adidasi-nike-vomero-plus-hv8150-802","status":"publish","type":"product","link":"https:\/\/dev.prosportmagazin.md\/ro\/product\/adidasi-nike-vomero-plus-hv8150-802\/","title":{"rendered":"Adidasi Nike Vomero Plus (HV8150-802)"},"content":{"rendered":"<p><\/p>\n<p>O structur\u0103 \u00eenalt\u0103 de spum\u0103 u\u0219oar\u0103 \u0219i receptiv\u0103 ofer\u0103 o amortizare de nivel superior.<\/p>\n<p>Du amortizarea maxim\u0103 la nivelul urm\u0103tor cu Vomero Plus. Acesta ofer\u0103 o alergare ultra-confortabil\u0103 pentru alerg\u0103rile de zi cu zi datorit\u0103 unei structuri \u00eenalte de spum\u0103 ZoomX pe toat\u0103 lungimea, cea mai receptiv\u0103 spum\u0103 din industrie. \u00cen plus, partea superioar\u0103 din plas\u0103 inginereasc\u0103 este fabricat\u0103 dintr-un fir moale \u0219i respirabil pentru o potrivire confortabil\u0103.<\/p>\n<p>Talp\u0103 intermediar\u0103 din spum\u0103 ZoomX<br \/>\nTalpa intermediar\u0103 din spum\u0103 ZoomX ultra-reactiv\u0103 ofer\u0103 cel mai mare retur de energie de la Nike.<\/p>\n<p>Parte superioar\u0103 moale<br \/>\nO parte superioar\u0103 din plas\u0103 inginereasc\u0103 ofer\u0103 o respirabilitate moale.<\/p>\n<p>Trac\u021biune durabil\u0103<br \/>\nTalpa exterioar\u0103 din cauciuc rezistent la abraziune ofer\u0103 o trac\u021biune durabil\u0103.<\/p>\n<p>Detalii produs<br \/>\nGreutate: aprox. 292 g (m\u0103rimea 39 pentru b\u0103rba\u021bi)<br \/>\n\u00cen\u0103l\u021bime de la c\u0103lc\u00e2i la v\u00e2rf: 10 mm<br \/>\nBucle de \u0219ireturi cu band\u0103 pentru o potrivire reglabil\u0103<br \/>\nDetalii reflectorizante de design<br \/>\nNu este destinat utiliz\u0103rii ca echipament individual de protec\u021bie (EIP)<br \/>\nCuloarea afi\u0219at\u0103: Citron Pulse\/Alabaster\/Laser Orange\/Blue Void<\/p>\n<p><\/p>","protected":false},"excerpt":{"rendered":"<p>O structur\u0103 \u00eenalt\u0103 de spum\u0103 u\u0219oar\u0103 \u0219i receptiv\u0103 ofer\u0103 o amortizare de nivel superior. Du amortizarea maxim\u0103 la nivelul urm\u0103tor<\/p>\n","protected":false},"featured_media":314286,"template":"","meta":[],"product_brand":[],"product_cat":[2192,2765,2193,38],"product_tag":[],"class_list":{"0":"post-314280","1":"product","2":"type-product","3":"status-publish","4":"has-post-thumbnail","6":"product_cat-toate-incaltaminte-barbati","7":"product_cat-toata-incaltamintea-copii","8":"product_cat-toate-incaltaminte-femei","9":"product_cat-adidasi","10":"pa_etichete-la-comanda","12":"first","13":"instock","14":"taxable","15":"shipping-taxable","16":"purchasable","17":"product-type-variable"},"wcpa_form_fields":null,"_links":{"self":[{"href":"https:\/\/dev.prosportmagazin.md\/ro\/wp-json\/wp\/v2\/product\/314280","targetHints":{"allow":["GET"]}}],"collection":[{"href":"https:\/\/dev.prosportmagazin.md\/ro\/wp-json\/wp\/v2\/product"}],"about":[{"href":"https:\/\/dev.prosportmagazin.md\/ro\/wp-json\/wp\/v2\/types\/product"}],"wp:featuredmedia":[{"embeddable":true,"href":"https:\/\/dev.prosportmagazin.md\/ro\/wp-json\/wp\/v2\/media\/314286"}],"wp:attachment":[{"href":"https:\/\/dev.prosportmagazin.md\/ro\/wp-json\/wp\/v2\/media?parent=314280"}],"wp:term":[{"taxonomy":"product_brand","embeddable":true,"href":"https:\/\/dev.prosportmagazin.md\/ro\/wp-json\/wp\/v2\/product_brand?post=314280"},{"taxonomy":"product_cat","embeddable":true,"href":"https:\/\/dev.prosportmagazin.md\/ro\/wp-json\/wp\/v2\/product_cat?post=314280"},{"taxonomy":"product_tag","embeddable":true,"href":"https:\/\/dev.prosportmagazin.md\/ro\/wp-json\/wp\/v2\/product_tag?post=314280"}],"curies":[{"name":"wp","href":"https:\/\/api.w.org\/{rel}","templated":true}]}}