{"id":316643,"date":"2026-02-23T19:36:29","date_gmt":"2026-02-23T17:36:29","guid":{"rendered":"https:\/\/prosport.md\/?post_type=product&#038;p=316643"},"modified":"2026-02-24T17:09:24","modified_gmt":"2026-02-24T15:09:24","slug":"balerini-puma-speedcat-40158101","status":"publish","type":"product","link":"https:\/\/dev.prosportmagazin.md\/ro\/product\/balerini-puma-speedcat-40158101\/","title":{"rendered":"Balerini Puma Speedcat (40158101)"},"content":{"rendered":"<p><\/p>\n<p>Modelul Puma Speedcat Ballet \u201eMetallic\u201d pentru femei \u00eembin\u0103 estetica motorsportului cu un design futurist \u0219i elegant. Partea superioar\u0103 din piele argintie metalizat\u0103 eman\u0103 modernitate \u0219i dinamism, \u00een timp ce banda Puma Formstrip \u00eei consolideaz\u0103 mo\u0219tenirea sportiv\u0103 \u0219i spiritul sportiv, av\u00e2nd o construc\u021bie u\u0219oar\u0103 \u0219i cu profil redus.<\/p>\n<p>Talpa clasic\u0103 de cauciuc a modelului Speedcat, inspirat\u0103 de anvelopele de curse, asigur\u0103 un pas stabil \u0219i sigur. \u00cen plus, talpa interioar\u0103 Ortholite ofer\u0103 o amortizare \u0219i respirabilitate superioare, men\u021bin\u00e2nd picioarele r\u0103coroase \u0219i confortabile pe tot parcursul zilei. Perfect pentru cei care doresc s\u0103 adauge o not\u0103 \u00eendr\u0103znea\u021b\u0103 \u0219i avangardist\u0103 \u021binutei lor.<\/p>\n<p><\/p>","protected":false},"excerpt":{"rendered":"<p>Modelul Puma Speedcat Ballet \u201eMetallic\u201d pentru femei \u00eembin\u0103 estetica motorsportului cu un design futurist \u0219i elegant. Partea superioar\u0103 din piele<\/p>\n","protected":false},"featured_media":316666,"template":"","meta":[],"product_brand":[],"product_cat":[2192,2765,2193,39],"product_tag":[269],"class_list":{"0":"post-316643","1":"product","2":"type-product","3":"status-publish","4":"has-post-thumbnail","6":"product_cat-toate-incaltaminte-barbati","7":"product_cat-toata-incaltamintea-copii","8":"product_cat-toate-incaltaminte-femei","9":"product_cat-ghete","10":"product_tag-269","11":"pa_etichete-2508","12":"pa_etichete-new-collection","14":"first","15":"instock","16":"purchasable","17":"product-type-variable"},"wcpa_form_fields":null,"_links":{"self":[{"href":"https:\/\/dev.prosportmagazin.md\/ro\/wp-json\/wp\/v2\/product\/316643","targetHints":{"allow":["GET"]}}],"collection":[{"href":"https:\/\/dev.prosportmagazin.md\/ro\/wp-json\/wp\/v2\/product"}],"about":[{"href":"https:\/\/dev.prosportmagazin.md\/ro\/wp-json\/wp\/v2\/types\/product"}],"wp:featuredmedia":[{"embeddable":true,"href":"https:\/\/dev.prosportmagazin.md\/ro\/wp-json\/wp\/v2\/media\/316666"}],"wp:attachment":[{"href":"https:\/\/dev.prosportmagazin.md\/ro\/wp-json\/wp\/v2\/media?parent=316643"}],"wp:term":[{"taxonomy":"product_brand","embeddable":true,"href":"https:\/\/dev.prosportmagazin.md\/ro\/wp-json\/wp\/v2\/product_brand?post=316643"},{"taxonomy":"product_cat","embeddable":true,"href":"https:\/\/dev.prosportmagazin.md\/ro\/wp-json\/wp\/v2\/product_cat?post=316643"},{"taxonomy":"product_tag","embeddable":true,"href":"https:\/\/dev.prosportmagazin.md\/ro\/wp-json\/wp\/v2\/product_tag?post=316643"}],"curies":[{"name":"wp","href":"https:\/\/api.w.org\/{rel}","templated":true}]}}