{"id":316714,"date":"2023-02-24T08:36:19","date_gmt":"2023-02-24T06:36:19","guid":{"rendered":"https:\/\/prosport.md\/?post_type=product&#038;p=316714"},"modified":"2026-02-24T08:55:59","modified_gmt":"2026-02-24T06:55:59","slug":"bampuri-nike-phantom-gx-2-pro-react-tf-fj2583-002","status":"publish","type":"product","link":"https:\/\/dev.prosportmagazin.md\/ro\/product\/bampuri-nike-phantom-gx-2-pro-react-tf-fj2583-002\/","title":{"rendered":"Bampuri Nike Phantom GX 2 Pro React TF (FJ2583-002)"},"content":{"rendered":"<p><br \/>\nVrei \u00een serios jocul t\u0103u? Am f\u0103cut asta pentru tine. \u00cen mijlocul furtunii, cu haosul care se \u00eenv\u00e2rte \u00een jurul t\u0103u, ai g\u0103sit calm ultima treime a terenului, datorit\u0103 amestecului t\u0103u ciudat de viclenie \u0219i gra\u021bie pe minge. Du-te \u0219i termin\u0103 treaba cu Phantom GX 2 Pro. Du-\u021bi abilit\u0103\u021bile la urm\u0103torul nivel cu unele dintre cele mai mari inova\u021bii ale Nike, cum ar fi c\u0103ptu\u0219eala elastic\u0103 Flyknit \u0219i trac\u021biunea Nike Cyclone 360 \u200b\u200bcare v\u0103 ghideaz\u0103 agilitatea nescris\u0103.<br \/>\n<\/p>","protected":false},"excerpt":{"rendered":"<p>NIVEL PRO<\/p>\n","protected":false},"featured_media":316773,"template":"","meta":[],"product_brand":[],"product_cat":[2192,2765,1293],"product_tag":[],"class_list":{"0":"post-316714","1":"product","2":"type-product","3":"status-publish","4":"has-post-thumbnail","6":"product_cat-toate-incaltaminte-barbati","7":"product_cat-toata-incaltamintea-copii","8":"product_cat-bampuri","9":"pa_etichete-la-comanda","10":"pa_suprafata-tf-astro-turf","12":"first","13":"instock","14":"featured","15":"taxable","16":"shipping-taxable","17":"purchasable","18":"product-type-variable"},"wcpa_form_fields":null,"_links":{"self":[{"href":"https:\/\/dev.prosportmagazin.md\/ro\/wp-json\/wp\/v2\/product\/316714","targetHints":{"allow":["GET"]}}],"collection":[{"href":"https:\/\/dev.prosportmagazin.md\/ro\/wp-json\/wp\/v2\/product"}],"about":[{"href":"https:\/\/dev.prosportmagazin.md\/ro\/wp-json\/wp\/v2\/types\/product"}],"wp:featuredmedia":[{"embeddable":true,"href":"https:\/\/dev.prosportmagazin.md\/ro\/wp-json\/wp\/v2\/media\/316773"}],"wp:attachment":[{"href":"https:\/\/dev.prosportmagazin.md\/ro\/wp-json\/wp\/v2\/media?parent=316714"}],"wp:term":[{"taxonomy":"product_brand","embeddable":true,"href":"https:\/\/dev.prosportmagazin.md\/ro\/wp-json\/wp\/v2\/product_brand?post=316714"},{"taxonomy":"product_cat","embeddable":true,"href":"https:\/\/dev.prosportmagazin.md\/ro\/wp-json\/wp\/v2\/product_cat?post=316714"},{"taxonomy":"product_tag","embeddable":true,"href":"https:\/\/dev.prosportmagazin.md\/ro\/wp-json\/wp\/v2\/product_tag?post=316714"}],"curies":[{"name":"wp","href":"https:\/\/api.w.org\/{rel}","templated":true}]}}