{"id":317712,"date":"2023-02-26T18:10:14","date_gmt":"2023-02-26T16:10:14","guid":{"rendered":"https:\/\/prosport.md\/?post_type=product&#038;p=317712"},"modified":"2026-02-26T18:22:33","modified_gmt":"2026-02-26T16:22:33","slug":"ghete-nike-air-force-1-low-07-lv8-ib6847-100","status":"publish","type":"product","link":"https:\/\/dev.prosportmagazin.md\/ro\/product\/ghete-nike-air-force-1-low-07-lv8-ib6847-100\/","title":{"rendered":"Ghete Nike Air Force 1 Low  &#8217;07 LV8 (IB6847-100)"},"content":{"rendered":"<p><br \/>\nConfortabil, durabil \u0219i atemporal &#8211; este num\u0103rul unu dintr-un motiv. Construc\u021bia clasic\u0103 a anilor &#8217;80 se combin\u0103 cu detalii \u00eendr\u0103zne\u021be, oglindite, pentru un stil care se potrive\u0219te fie c\u0103 e\u0219ti pe teren, fie c\u0103 e\u0219ti \u00een mi\u0219care.<\/p>\n<p>Partea superioar\u0103 din piele cu v\u00e2rf perforat este respirabil\u0103 \u0219i confortabil\u0103.<br \/>\nAmortizarea Nike Air adaug\u0103 confort u\u0219or, pe tot parcursul zilei.<br \/>\nTalpa exterioar\u0103 din cauciuc cu cercuri pivotante Heritage ofer\u0103 trac\u021biune \u0219i durabilitate.<\/p>\n<p><\/p>","protected":false},"excerpt":{"rendered":"<p>Confortabil, durabil \u0219i atemporal &#8211; este num\u0103rul unu dintr-un motiv. Construc\u021bia clasic\u0103 a anilor &#8217;80 se combin\u0103 cu detalii \u00eendr\u0103zne\u021be,<\/p>\n","protected":false},"featured_media":317715,"template":"","meta":[],"product_brand":[],"product_cat":[2192,2765,2193,39],"product_tag":[],"class_list":{"0":"post-317712","1":"product","2":"type-product","3":"status-publish","4":"has-post-thumbnail","6":"product_cat-toate-incaltaminte-barbati","7":"product_cat-toata-incaltamintea-copii","8":"product_cat-toate-incaltaminte-femei","9":"product_cat-ghete","10":"pa_etichete-la-comanda","12":"first","13":"instock","14":"taxable","15":"shipping-taxable","16":"purchasable","17":"product-type-variable"},"wcpa_form_fields":null,"_links":{"self":[{"href":"https:\/\/dev.prosportmagazin.md\/ro\/wp-json\/wp\/v2\/product\/317712","targetHints":{"allow":["GET"]}}],"collection":[{"href":"https:\/\/dev.prosportmagazin.md\/ro\/wp-json\/wp\/v2\/product"}],"about":[{"href":"https:\/\/dev.prosportmagazin.md\/ro\/wp-json\/wp\/v2\/types\/product"}],"wp:featuredmedia":[{"embeddable":true,"href":"https:\/\/dev.prosportmagazin.md\/ro\/wp-json\/wp\/v2\/media\/317715"}],"wp:attachment":[{"href":"https:\/\/dev.prosportmagazin.md\/ro\/wp-json\/wp\/v2\/media?parent=317712"}],"wp:term":[{"taxonomy":"product_brand","embeddable":true,"href":"https:\/\/dev.prosportmagazin.md\/ro\/wp-json\/wp\/v2\/product_brand?post=317712"},{"taxonomy":"product_cat","embeddable":true,"href":"https:\/\/dev.prosportmagazin.md\/ro\/wp-json\/wp\/v2\/product_cat?post=317712"},{"taxonomy":"product_tag","embeddable":true,"href":"https:\/\/dev.prosportmagazin.md\/ro\/wp-json\/wp\/v2\/product_tag?post=317712"}],"curies":[{"name":"wp","href":"https:\/\/api.w.org\/{rel}","templated":true}]}}