{"id":318514,"date":"2026-02-27T14:40:44","date_gmt":"2026-02-27T12:40:44","guid":{"rendered":"https:\/\/prosport.md\/?post_type=product&#038;p=318514"},"modified":"2026-02-27T19:03:11","modified_gmt":"2026-02-27T17:03:11","slug":"bute-nike-air-zoom-mercurial-vapor-16-elite-sg-fq8688-300","status":"publish","type":"product","link":"https:\/\/dev.prosportmagazin.md\/ro\/product\/bute-nike-air-zoom-mercurial-vapor-16-elite-sg-fq8688-300\/","title":{"rendered":"Bute Nike Air Zoom Mercurial Vapor 16 Elite SG (FQ8688-300)"},"content":{"rendered":"<p><br \/>\nObsedat de vitez\u0103? La fel sunt \u0219i cele mai mari vedete ale jocului. De aceea, am creat aceste ghete Elite cu o unitate Air Zoom \u00eembun\u0103t\u0103\u021bit\u0103, lungime 3\/4. \u00ce\u021bi ofer\u0103 \u021bie \u0219i celor mai rapizi juc\u0103tori ai sportului senza\u021bia de propulsie necesar\u0103 pentru a str\u0103punge linia din spate. Rezultatul este cea mai receptiv\u0103 ghet\u0103 Mercurial pe care am creat-o vreodat\u0103, pentru c\u0103 ceri m\u0103re\u021bie de la tine \u0219i de la \u00eenc\u0103l\u021b\u0103mintea ta.<\/p>\n<p>Atingere excep\u021bional\u0103<\/p>\n<p>Nike Gripknit este un material adeziv care ofer\u0103 o atingere mai bun\u0103 a mingii. Ocup\u0103 o suprafa\u021b\u0103 mai mare, astfel \u00eenc\u00e2t ai mai mult spa\u021biu pentru a controla mingea atunci c\u00e2nd driblezi la viteze mari sau finalizezi o faz\u0103 cu un \u0219ut la poart\u0103. Se muleaz\u0103 pe forma piciorului t\u0103u \u0219i \u00ee\u021bi ofer\u0103 o aderen\u021b\u0103 egal\u0103 \u00een condi\u021bii umede sau uscate, pentru o potrivire sculptat\u0103, asem\u0103n\u0103toare crampoanelor atletice. Textura micro-turnare func\u021bioneaz\u0103 cu Gripknit pentru a ajuta la formarea piciorului t\u0103u pentru lovituri \u0219i mai bune de la gheat\u0103 la minge.<\/p>\n<p>Trac\u021biune rapid\u0103<\/p>\n<p>Modelul de trac\u021biune \u00een form\u0103 de ondula\u021bie este o serie de crampoane \u00een cascad\u0103, astfel \u00eenc\u00e2t angajeaz\u0103 o suprafa\u021b\u0103 mai mare a unit\u0103\u021bii Air Zoom, oferind \u00een acela\u0219i timp cantitatea adecvat\u0103 de aderen\u021b\u0103. Cel mai mare crampon are aceea\u0219i \u00een\u0103l\u021bime ca \u0219i crampoanele noastre tradi\u021bionale din mijloc, astfel \u00eenc\u00e2t trac\u021biunea nu este compromis\u0103. Am combinat trac\u021biunea \u00een form\u0103 de valuri cu crampoane evoluate \u00een form\u0103 de chevron \u0219i lam\u0103 pentru a v\u0103 ajuta s\u0103 opri\u021bi atunci c\u00e2nd efectua\u021bi t\u0103ieturi rapide.<\/p>\n<p>Potrivire perfect\u0103<\/p>\n<p>Partea superioar\u0103 complet\u0103 din Flyknit este conceput\u0103 pentru vitez\u0103. AtomKnit, un Flyknit incredibil de u\u0219or \u0219i puternic, pe laterale reduce greutatea \u0219i ofer\u0103 suport. Gripknit, AtomKnit \u0219i Flyknit se combin\u0103 pentru a forma cea mai sub\u021bire parte superioar\u0103 Mercurial de p\u00e2n\u0103 acum, aduc\u00e2ndu-v\u0103 mai aproape de minge \u0219i reduc\u00e2nd timpul de rodaj.<\/p>\n<p><\/p>","protected":false},"excerpt":{"rendered":"<p>MODEL PROFESIONAL<\/p>\n","protected":false},"featured_media":318517,"template":"","meta":[],"product_brand":[],"product_cat":[2192,2765,1301],"product_tag":[],"class_list":{"0":"post-318514","1":"product","2":"type-product","3":"status-publish","4":"has-post-thumbnail","6":"product_cat-toate-incaltaminte-barbati","7":"product_cat-toata-incaltamintea-copii","8":"product_cat-bute","9":"pa_etichete-curind-in-stock","10":"pa_etichete-new-collection","11":"pa_suprafata-sg-natural-gras","13":"first","14":"instock","15":"featured","16":"taxable","17":"shipping-taxable","18":"purchasable","19":"product-type-variable"},"wcpa_form_fields":null,"_links":{"self":[{"href":"https:\/\/dev.prosportmagazin.md\/ro\/wp-json\/wp\/v2\/product\/318514","targetHints":{"allow":["GET"]}}],"collection":[{"href":"https:\/\/dev.prosportmagazin.md\/ro\/wp-json\/wp\/v2\/product"}],"about":[{"href":"https:\/\/dev.prosportmagazin.md\/ro\/wp-json\/wp\/v2\/types\/product"}],"wp:featuredmedia":[{"embeddable":true,"href":"https:\/\/dev.prosportmagazin.md\/ro\/wp-json\/wp\/v2\/media\/318517"}],"wp:attachment":[{"href":"https:\/\/dev.prosportmagazin.md\/ro\/wp-json\/wp\/v2\/media?parent=318514"}],"wp:term":[{"taxonomy":"product_brand","embeddable":true,"href":"https:\/\/dev.prosportmagazin.md\/ro\/wp-json\/wp\/v2\/product_brand?post=318514"},{"taxonomy":"product_cat","embeddable":true,"href":"https:\/\/dev.prosportmagazin.md\/ro\/wp-json\/wp\/v2\/product_cat?post=318514"},{"taxonomy":"product_tag","embeddable":true,"href":"https:\/\/dev.prosportmagazin.md\/ro\/wp-json\/wp\/v2\/product_tag?post=318514"}],"curies":[{"name":"wp","href":"https:\/\/api.w.org\/{rel}","templated":true}]}}