{"id":319832,"date":"2026-03-03T00:00:00","date_gmt":"2026-03-02T22:00:00","guid":{"rendered":"https:\/\/prosport.md\/?post_type=product&#038;p=319832"},"modified":"2026-03-03T18:31:04","modified_gmt":"2026-03-03T16:31:04","slug":"bute-nike-phantom-6-low-elite-ag-ih1784-800","status":"publish","type":"product","link":"https:\/\/dev.prosportmagazin.md\/ro\/product\/bute-nike-phantom-6-low-elite-ag-ih1784-800\/","title":{"rendered":"Bute Nike Phantom 6 Low Elite AG &#8220;Erling Haaland&#8221; (IH1784-800)"},"content":{"rendered":"<p>Cu albastru glacial, ro\u0219u aprins \u0219i galben, acest Phantom 6 Elite vorbe\u0219te despre focul interior al lui Erling Haaland &#8211; \u0219i despre izbucnirile sale de gol care urmeaz\u0103. \u00cei alimenteaz\u0103 precizia cu ajutorul tehnologiei revolu\u021bionare Gripknit, o textur\u0103 lipicioas\u0103 care \u00eei aduce piciorul mai aproape de minge \u0219i \u00eel ajut\u0103 s\u0103 controleze fiecare oportunitate &#8211; pentru c\u0103 ratarea nu este o op\u021biune. \u00cei ofer\u0103 un avantaj nedrept la gol, combin\u00e2ndu-se cu placa de trac\u021biune pentru toate acele \u0219uturi rapide.<\/p>\n<p>\u00a0<\/p>\n<p><\/p>","protected":false},"excerpt":{"rendered":"<p>Cu albastru glacial, ro\u0219u aprins \u0219i galben, acest Phantom 6 Elite vorbe\u0219te despre focul interior al lui Erling Haaland &#8211;<\/p>\n","protected":false},"featured_media":320379,"template":"","meta":[],"product_brand":[],"product_cat":[2192,2765,1301],"product_tag":[],"class_list":{"0":"post-319832","1":"product","2":"type-product","3":"status-publish","4":"has-post-thumbnail","6":"product_cat-toate-incaltaminte-barbati","7":"product_cat-toata-incaltamintea-copii","8":"product_cat-bute","9":"pa_etichete-colaborare","10":"pa_suprafata-ag-artificial-gras","12":"first","13":"instock","14":"featured","15":"taxable","16":"shipping-taxable","17":"purchasable","18":"product-type-variable"},"wcpa_form_fields":null,"_links":{"self":[{"href":"https:\/\/dev.prosportmagazin.md\/ro\/wp-json\/wp\/v2\/product\/319832","targetHints":{"allow":["GET"]}}],"collection":[{"href":"https:\/\/dev.prosportmagazin.md\/ro\/wp-json\/wp\/v2\/product"}],"about":[{"href":"https:\/\/dev.prosportmagazin.md\/ro\/wp-json\/wp\/v2\/types\/product"}],"wp:featuredmedia":[{"embeddable":true,"href":"https:\/\/dev.prosportmagazin.md\/ro\/wp-json\/wp\/v2\/media\/320379"}],"wp:attachment":[{"href":"https:\/\/dev.prosportmagazin.md\/ro\/wp-json\/wp\/v2\/media?parent=319832"}],"wp:term":[{"taxonomy":"product_brand","embeddable":true,"href":"https:\/\/dev.prosportmagazin.md\/ro\/wp-json\/wp\/v2\/product_brand?post=319832"},{"taxonomy":"product_cat","embeddable":true,"href":"https:\/\/dev.prosportmagazin.md\/ro\/wp-json\/wp\/v2\/product_cat?post=319832"},{"taxonomy":"product_tag","embeddable":true,"href":"https:\/\/dev.prosportmagazin.md\/ro\/wp-json\/wp\/v2\/product_tag?post=319832"}],"curies":[{"name":"wp","href":"https:\/\/api.w.org\/{rel}","templated":true}]}}