{"id":321374,"date":"2026-03-03T21:28:10","date_gmt":"2026-03-03T19:28:10","guid":{"rendered":"https:\/\/prosport.md\/?post_type=product&#038;p=321374"},"modified":"2026-03-03T21:33:01","modified_gmt":"2026-03-03T19:33:01","slug":"bute-adidas-f50-elite-ag-jh7638","status":"publish","type":"product","link":"https:\/\/dev.prosportmagazin.md\/ro\/product\/bute-adidas-f50-elite-ag-jh7638\/","title":{"rendered":"Bute Adidas F50 Elite AG (JH7638)"},"content":{"rendered":"<p>Ghete de fotbal F50 Elite cu gazon artificial<br \/>Ghete u\u0219oare, cu gazon artificial, pentru o accelera\u021bie rapid\u0103.<br \/>G\u0103se\u0219te-\u021bi viteza pentru a te exprima cu adev\u0103rat pe teren. Simte adrenalina cu ghetele adidas F50 concepute pentru vitez\u0103. Aceste ghete de fotbal Elite au o parte superioar\u0103 sub\u021bire din Fibertouch, cu limb\u0103 Compression Fit Tunnel pentru fixare perfect\u0103 \u0219i o textur\u0103 Sprintweb 3D pentru a men\u021bine mingea aproape atunci c\u00e2nd zbori. Concepute pentru suprafe\u021be cu gazon artificial, talpa exterioar\u0103 Traxionframe sus\u021bine un ritm neobosit.<\/p>\n<p>\u00a0<\/p>\n<p><\/p>","protected":false},"excerpt":{"rendered":"<p>MODEL PROFESIONAL<\/p>\n","protected":false},"featured_media":321401,"template":"","meta":[],"product_brand":[],"product_cat":[2192,2765,1301],"product_tag":[],"class_list":{"0":"post-321374","1":"product","2":"type-product","3":"status-publish","4":"has-post-thumbnail","6":"product_cat-toate-incaltaminte-barbati","7":"product_cat-toata-incaltamintea-copii","8":"product_cat-bute","9":"pa_etichete-best-seller","10":"pa_suprafata-ag-artificial-gras","12":"first","13":"instock","14":"sale","15":"featured","16":"taxable","17":"shipping-taxable","18":"purchasable","19":"product-type-variable"},"wcpa_form_fields":null,"_links":{"self":[{"href":"https:\/\/dev.prosportmagazin.md\/ro\/wp-json\/wp\/v2\/product\/321374","targetHints":{"allow":["GET"]}}],"collection":[{"href":"https:\/\/dev.prosportmagazin.md\/ro\/wp-json\/wp\/v2\/product"}],"about":[{"href":"https:\/\/dev.prosportmagazin.md\/ro\/wp-json\/wp\/v2\/types\/product"}],"wp:featuredmedia":[{"embeddable":true,"href":"https:\/\/dev.prosportmagazin.md\/ro\/wp-json\/wp\/v2\/media\/321401"}],"wp:attachment":[{"href":"https:\/\/dev.prosportmagazin.md\/ro\/wp-json\/wp\/v2\/media?parent=321374"}],"wp:term":[{"taxonomy":"product_brand","embeddable":true,"href":"https:\/\/dev.prosportmagazin.md\/ro\/wp-json\/wp\/v2\/product_brand?post=321374"},{"taxonomy":"product_cat","embeddable":true,"href":"https:\/\/dev.prosportmagazin.md\/ro\/wp-json\/wp\/v2\/product_cat?post=321374"},{"taxonomy":"product_tag","embeddable":true,"href":"https:\/\/dev.prosportmagazin.md\/ro\/wp-json\/wp\/v2\/product_tag?post=321374"}],"curies":[{"name":"wp","href":"https:\/\/api.w.org\/{rel}","templated":true}]}}