{"id":321600,"date":"2026-03-04T12:54:17","date_gmt":"2026-03-04T10:54:17","guid":{"rendered":"https:\/\/prosport.md\/?post_type=product&#038;p=321600"},"modified":"2026-03-04T15:11:39","modified_gmt":"2026-03-04T13:11:39","slug":"adidasi-the-north-face-offtrail-hike-gore-tex-nf0a8aeh","status":"publish","type":"product","link":"https:\/\/dev.prosportmagazin.md\/ro\/product\/adidasi-the-north-face-offtrail-hike-gore-tex-nf0a8aeh\/","title":{"rendered":"Adidasi The North Face Offtrail Hike Gore-Tex\u00ae (NF0A8AEH)"},"content":{"rendered":"<div class=\"flex gap-2\"><\/div>\n<div id=\"base-collapse-v-0-1-0-content\" class=\"overflow-hidden duration\" aria-labelledby=\"base-collapse-v-0-1-0\">\n<div class=\"text-sm fw-light\" data-test-id=\"vf-accordion-content\">\n<div class=\"pb-6 pt-2 text-sm c-grey-20\">\n<div class=\"group flex items-start gap-4\"><picture class=\"aspect-square w-full shrink-0\" data-test-id=\"base-picture\"><img loading=\"lazy\" decoding=\"async\" class=\"contain\" src=\"https:\/\/assets.thenorthface.eu\/image\/upload\/v1728567351\/benefit-icon-waterproof.webp\" alt=\"Waterproof\" width=\"52\" height=\"52\" \/><\/picture>\n<div class=\"grow space-y-1\">\n<p class=\"fw-bold title-5\">Impermeabil<\/p>\n<div class=\"ws-pre-wrap subtitle-4\">Acest lucru te ajut\u0103 s\u0103 te men\u021bii uscat de ploaie \u0219i z\u0103pad\u0103.<\/div>\n<div>\u00a0<\/div>\n<\/div>\n<\/div>\n<div class=\"group flex items-start gap-4\"><picture class=\"aspect-square w-full shrink-0\" data-test-id=\"base-picture\"><img loading=\"lazy\" decoding=\"async\" class=\"contain\" src=\"https:\/\/assets.thenorthface.eu\/image\/upload\/v1728567335\/benefit-icon-breathable.webp\" alt=\"Breathable\" width=\"52\" height=\"52\" \/><\/picture>\n<div class=\"grow space-y-1\">\n<p class=\"fw-bold title-5\">Respirabil<\/p>\n<div class=\"ws-pre-wrap subtitle-4\">Materialul permite trecerea aerului sau a vaporilor de umiditate, ajut\u00e2nd la reglarea temperaturii corpului.<\/div>\n<div>\u00a0<\/div>\n<\/div>\n<\/div>\n<div class=\"group flex items-start gap-4\"><picture class=\"aspect-square w-full shrink-0\" data-test-id=\"base-picture\"><img loading=\"lazy\" decoding=\"async\" class=\"contain\" src=\"https:\/\/assets.thenorthface.eu\/image\/upload\/v1728567352\/benefit-icon-wind_resistant.webp\" alt=\"Wind\" width=\"52\" height=\"52\" \/><\/picture>\n<div class=\"grow space-y-1\">\n<p class=\"fw-bold title-5\">V\u00e2nt<\/p>\n<div class=\"ws-pre-wrap subtitle-4\">Acest material \u00eempiedic\u0103 p\u0103trunderea v\u00e2ntului \u00een \u00eembr\u0103c\u0103minte, reduc\u00e2nd considerabil efectele r\u0103cirii v\u00e2ntului.<\/div>\n<div>\u00a0<\/div>\n<\/div>\n<\/div>\n<div class=\"group flex items-start gap-4\"><picture class=\"aspect-square w-full shrink-0\" data-test-id=\"base-picture\"><img loading=\"lazy\" decoding=\"async\" class=\"contain\" src=\"https:\/\/assets.thenorthface.eu\/image\/upload\/v1728567340\/benefit-icon-grip_sole.webp\" alt=\"Grip sole\" width=\"52\" height=\"52\" \/><\/picture>\n<div class=\"grow space-y-1\">\n<p class=\"fw-bold title-5\">Talp\u0103 antiderapant\u0103<\/p>\n<div class=\"ws-pre-wrap subtitle-4\">Compu\u0219ii de cauciuc ofer\u0103 aderen\u021b\u0103, trac\u021biune \u0219i durabilitate at\u00e2t pe suprafe\u021be umede, c\u00e2t \u0219i uscate.<\/div>\n<div>\u00a0<\/div>\n<\/div>\n<\/div>\n<div class=\"group flex items-start gap-4\"><picture class=\"aspect-square w-full shrink-0\" data-test-id=\"base-picture\"><img loading=\"lazy\" decoding=\"async\" class=\"contain\" src=\"https:\/\/assets.thenorthface.eu\/image\/upload\/v1728567334\/benefit-icon_technical_trail.avif\" alt=\"Technical Trail Tracks\" width=\"52\" height=\"52\" \/><\/picture>\n<div class=\"grow space-y-1\">\n<p class=\"fw-bold title-5\">Trasee tehnice<\/p>\n<div class=\"ws-pre-wrap subtitle-4\">Trac\u021biune \u0219i protec\u021bie excep\u021bionale pe teren tehnic.<\/div>\n<div>\u00a0<\/div>\n<div class=\"ws-pre-wrap subtitle-4\"><img loading=\"lazy\" decoding=\"async\" class=\"contain\" src=\"https:\/\/assets.thenorthface.eu\/image\/upload\/v1728567333\/benefit-icon_mixed_terrain.avif\" alt=\"Mixed Tracks\" width=\"52\" height=\"52\" \/><\/div>\n<\/div>\n<div class=\"group flex items-start gap-4\">\n<div class=\"grow space-y-1\">\n<p class=\"fw-bold title-5\">Piste mixte<\/p>\n<div class=\"ws-pre-wrap subtitle-4\">Suport de \u00eenalt\u0103 performan\u021b\u0103 pentru negocierea unei game largi de condi\u021bii.<\/div>\n<\/div>\n<\/div>\n<div>\u00a0<\/div>\n<\/div>\n<p>Construi\u021bi pentru teren tehnic \u0219i imprevizibil, pantofii Offtrail Hike GORE-TEX\u00ae pentru femei v\u0103 vor ajuta s\u0103 v\u0103 trasa\u021bi propriul traseu pe potec\u0103 sau \u00een afara ei \u00een timpul urm\u0103toarei drume\u021bii sau aventuri de mai multe zile. Ace\u0219ti bocanci sunt at\u00e2t robusti, c\u00e2t \u0219i protectori, cu o parte din fa\u021b\u0103 a piciorului supra\u00eenc\u0103rcat\u0103 Cordura\u00ae, membran\u0103 impermeabil\u0103 GORE-TEX\u00ae 3L, protec\u021bie integrat\u0103 \u00eempotriva pietrelor SKYCORE \u0219i talp\u0103 exterioar\u0103 din cauciuc SURFACE CTRL\u2122. \u00cenc\u0103l\u021b\u0103mintea noastr\u0103 impermeabil\u0103 \u00eencorporeaz\u0103 o varietate de materiale, tratamente \u0219i procese avansate de impermeabilizare. Pentru a men\u021bine picioarele uscate, folosim membrane interne impermeabile \u0219i\/sau construc\u021bii adezive \u0219i cu etan\u0219are a cus\u0103turilor.<\/p>\n<\/div>\n<div class=\"flex gap-2\"><span class=\"title-3\">Features<\/span><\/div>\n<div id=\"base-collapse-v-0-1-2-content\" class=\"overflow-hidden duration\" aria-labelledby=\"base-collapse-v-0-1-2\">\n<div class=\"text-sm fw-light\" data-test-id=\"vf-accordion-content\">\n<div class=\"pb-6 pt-2 text-sm c-grey-20\">\n<ul class=\"grid list-disc gap-4 cols-2\" title=\"Features\" data-test-id=\"product-details-bulletin\">\n<li>Parte superioar\u0103: Parte superioar\u0103 confec\u021bionat\u0103 din Cordura\u00ae ripstop cu un design supradimensionat \u00een partea din fa\u021b\u0103 a piciorului pentru protec\u021bie, stabilitate \u0219i durabilitate sporite<\/li>\n<li>Membran\u0103 impermeabil\u0103 GORE-TEX f\u0103r\u0103 PFAS<\/li>\n<li>V\u00e2rf din cauciuc balistic cu suprapuneri TPU pentru protec\u021bie \u0219i sus\u021binere sporite<\/li>\n<li>Calca \u00eent\u0103rit\u0103 la c\u0103lc\u00e2i, plus gulerul \u0219i limba c\u0103ptu\u0219ite pentru confort, sunt concepute pentru a fixa piciorul, oferind confort pe distan\u021be lungi \u00een aventurile de mai multe zile.<\/li>\n<li>Combina\u021bie de bucle pentru \u0219ireturi ghillie \u0219i dou\u0103 ochiuri metalice pentru sus\u021binere prin fixare \u0219i o potrivire personalizabil\u0103<\/li>\n<li>Bucl\u0103 de tragere la c\u0103lc\u00e2i pentru o \u00eenc\u0103l\u021bare\/desc\u0103l\u021bare u\u0219oar\u0103<\/li>\n<li>Talp\u0103: Protec\u021bie anti-roc\u0103 SKYCORE integrat\u0103 pentru protec\u021bie suplimentar\u0103 sub partea din fa\u021b\u0103 a piciorului pe teren tehnic<\/li>\n<li>\u00cenveli\u0219urile de cauciuc pentru c\u0103lc\u00e2i \u0219i partea din fa\u021b\u0103 a piciorului cresc stabilitatea lateral\u0103 \u0219i protec\u021bia<\/li>\n<li>Talpa exterioar\u0103 durabil\u0103 din cauciuc SURFACE CTRL\u2122 este optimizat\u0103 pentru greutate \u0219i versatilitate \u0219i este fabricat\u0103 cu 10% cauciuc provenit de la mici fermieri dedica\u021bi principiilor agroforestiere \u0219i practicilor agricole regenerative.<\/li>\n<\/ul>\n<p><\/p>\n<\/div>\n<\/div>\n<\/div>\n<\/div>\n<\/div>\n<\/div>\n<\/div>","protected":false},"excerpt":{"rendered":"<p>Impermeabil Acest lucru te ajut\u0103 s\u0103 te men\u021bii uscat de ploaie \u0219i z\u0103pad\u0103. \u00a0 Respirabil Materialul permite trecerea aerului sau<\/p>\n","protected":false},"featured_media":321602,"template":"","meta":[],"product_brand":[],"product_cat":[3086,2192,2765,2193,38],"product_tag":[],"class_list":{"0":"post-321600","1":"product","2":"type-product","3":"status-publish","4":"has-post-thumbnail","6":"product_cat-big-sale-40","7":"product_cat-toate-incaltaminte-barbati","8":"product_cat-toata-incaltamintea-copii","9":"product_cat-toate-incaltaminte-femei","10":"product_cat-adidasi","12":"first","13":"instock","14":"sale","15":"taxable","16":"shipping-taxable","17":"purchasable","18":"product-type-variable"},"wcpa_form_fields":null,"_links":{"self":[{"href":"https:\/\/dev.prosportmagazin.md\/ro\/wp-json\/wp\/v2\/product\/321600","targetHints":{"allow":["GET"]}}],"collection":[{"href":"https:\/\/dev.prosportmagazin.md\/ro\/wp-json\/wp\/v2\/product"}],"about":[{"href":"https:\/\/dev.prosportmagazin.md\/ro\/wp-json\/wp\/v2\/types\/product"}],"wp:featuredmedia":[{"embeddable":true,"href":"https:\/\/dev.prosportmagazin.md\/ro\/wp-json\/wp\/v2\/media\/321602"}],"wp:attachment":[{"href":"https:\/\/dev.prosportmagazin.md\/ro\/wp-json\/wp\/v2\/media?parent=321600"}],"wp:term":[{"taxonomy":"product_brand","embeddable":true,"href":"https:\/\/dev.prosportmagazin.md\/ro\/wp-json\/wp\/v2\/product_brand?post=321600"},{"taxonomy":"product_cat","embeddable":true,"href":"https:\/\/dev.prosportmagazin.md\/ro\/wp-json\/wp\/v2\/product_cat?post=321600"},{"taxonomy":"product_tag","embeddable":true,"href":"https:\/\/dev.prosportmagazin.md\/ro\/wp-json\/wp\/v2\/product_tag?post=321600"}],"curies":[{"name":"wp","href":"https:\/\/api.w.org\/{rel}","templated":true}]}}