{"id":321625,"date":"2026-03-04T13:26:17","date_gmt":"2026-03-04T11:26:17","guid":{"rendered":"https:\/\/prosport.md\/?post_type=product&#038;p=321625"},"modified":"2026-03-04T15:09:59","modified_gmt":"2026-03-04T13:09:59","slug":"adidasi-cloudnova-form-2-3me30150924","status":"publish","type":"product","link":"https:\/\/dev.prosportmagazin.md\/ro\/product\/adidasi-cloudnova-form-2-3me30150924\/","title":{"rendered":"Adidasi ON Cloudnova Form 2 (3ME30150924)"},"content":{"rendered":"<p><\/p>\n<p>Elegant. Fin. Moale. Un pantof sport de zi cu zi, cu o siluet\u0103 joas\u0103 \u0219i confort axat pe performan\u021b\u0103 la fiecare pas.<\/p>\n<p>Materiale<br \/>\nVamp\u0103: 100% poliester reciclat<br \/>\nLam\u0103: 100% poliester reciclat<br \/>\nLimb\u0103: 80% poliester reciclat, 20% poliuretan<br \/>\nC\u0103ptu\u0219eal\u0103 vamp\u0103: 75% poliuretan termoplastic, 25% poliuretan<br \/>\nC\u0103ptu\u0219eal\u0103: 100% poliester reciclat<\/p>\n<p>Caracteristici principale<br \/>\nGreutate: 313,5 g<br \/>\nFa\u021b\u0103 superioar\u0103 semitransparent\u0103 cu senza\u021bie super moale<br \/>\nTalp\u0103 intermediar\u0103 moale din spum\u0103 Zero-Gravity pentru confort<br \/>\nSpeedboard\u00ae flexibil din amestec de nailon pentru returnare a energiei<br \/>\nExperien\u021b\u0103 \u00eembun\u0103t\u0103\u021bit\u0103 la c\u0103lcat \u0219i la c\u0103lc\u00e2i<br \/>\nFa\u021b\u0103 superioar\u0103 respirabil\u0103<\/p>\n<p><\/p>","protected":false},"excerpt":{"rendered":"<p>Elegant. Fin. Moale. Un pantof sport de zi cu zi, cu o siluet\u0103 joas\u0103 \u0219i confort axat pe performan\u021b\u0103 la<\/p>\n","protected":false},"featured_media":321627,"template":"","meta":[],"product_brand":[],"product_cat":[3086,2192,2765,2193,38],"product_tag":[339],"class_list":{"0":"post-321625","1":"product","2":"type-product","3":"status-publish","4":"has-post-thumbnail","6":"product_cat-big-sale-40","7":"product_cat-toate-incaltaminte-barbati","8":"product_cat-toata-incaltamintea-copii","9":"product_cat-toate-incaltaminte-femei","10":"product_cat-adidasi","11":"product_tag-44-5","12":"pa_etichete-new-collection","14":"first","15":"instock","16":"sale","17":"purchasable","18":"product-type-variable"},"wcpa_form_fields":null,"_links":{"self":[{"href":"https:\/\/dev.prosportmagazin.md\/ro\/wp-json\/wp\/v2\/product\/321625","targetHints":{"allow":["GET"]}}],"collection":[{"href":"https:\/\/dev.prosportmagazin.md\/ro\/wp-json\/wp\/v2\/product"}],"about":[{"href":"https:\/\/dev.prosportmagazin.md\/ro\/wp-json\/wp\/v2\/types\/product"}],"wp:featuredmedia":[{"embeddable":true,"href":"https:\/\/dev.prosportmagazin.md\/ro\/wp-json\/wp\/v2\/media\/321627"}],"wp:attachment":[{"href":"https:\/\/dev.prosportmagazin.md\/ro\/wp-json\/wp\/v2\/media?parent=321625"}],"wp:term":[{"taxonomy":"product_brand","embeddable":true,"href":"https:\/\/dev.prosportmagazin.md\/ro\/wp-json\/wp\/v2\/product_brand?post=321625"},{"taxonomy":"product_cat","embeddable":true,"href":"https:\/\/dev.prosportmagazin.md\/ro\/wp-json\/wp\/v2\/product_cat?post=321625"},{"taxonomy":"product_tag","embeddable":true,"href":"https:\/\/dev.prosportmagazin.md\/ro\/wp-json\/wp\/v2\/product_tag?post=321625"}],"curies":[{"name":"wp","href":"https:\/\/api.w.org\/{rel}","templated":true}]}}