{"id":39029,"date":"2025-10-28T00:00:00","date_gmt":"2025-10-27T21:00:00","guid":{"rendered":"https:\/\/prosport.md\/product\/adidas-geodiver-primeblue-shoes-blue\/"},"modified":"2025-11-06T17:32:36","modified_gmt":"2025-11-06T14:32:36","slug":"adidas-geodiver-primeblue-shoes-blue","status":"publish","type":"product","link":"https:\/\/dev.prosportmagazin.md\/ro\/product\/adidas-geodiver-primeblue-shoes-blue\/","title":{"rendered":"Adidasi Adidas Geodiver Primeblue (FZ4690)"},"content":{"rendered":"<p><\/p>\n<p>Aleg\u00e2nd noua \u00eenc\u0103l\u021b\u0103minte pentru antrenament, ia \u00een considerare starea planetei noastre \u0219i mizeaz\u0103 pe modelul EARTH RUNNER PRIMEBLUE de la adidas. Acesta este confec\u021bionat predominant din materiale reciclate, printre care din Parley Ocean Plastic &#8211; amestec ob\u021binut din de\u0219eurile de plastic str\u00e2nse din m\u0103ri. Astfel, ceea ce ar fi putut ajunge \u00een ape \u0219i distruge mediul oceanelor, devine un material perfect \u0219i rezistent pentru crearea unui nou produs. Modelul prezentat are partea superioar\u0103 minimalist\u0103, cu v\u00e2rf u\u0219or rotunjit, care fixeaz\u0103 \u00een mod comod piciorul \u0219i asigur\u0103 circula\u021bia constant\u0103 a aerului. Interiorul moale previne apari\u021bia b\u0103t\u0103turilor, iar talpa din spum\u0103 EVA \u0219i cauciuc garanteaz\u0103 aderen\u021b\u0103 \u0219i amortizare. De acum, fiecare pas este transformat \u00eentr-o adev\u0103rat\u0103 pl\u0103cere. E\u0219ti gata s\u0103 \u00eei \u00eencerci?<\/p>\n<p>Exterior: material textil, material sintetic<br \/>\nC\u0103ptu\u0219eal\u0103: material textil<br \/>\nBran\u021b: material textil, material sintetic<br \/>\nTalp\u0103: spum\u0103 EVA, cauciuc<br \/>\nModel confec\u021bionat din Primeblue \u2013 material reciclat de \u00eenalt\u0103 calitate, confec\u021bionat par\u021bial din Parley Ocean Plastic. Nu con\u021bine poliester produs recent.<\/p>\n<p><\/p>","protected":false},"excerpt":{"rendered":"<p>Aleg\u00e2nd noua \u00eenc\u0103l\u021b\u0103minte pentru antrenament, ia \u00een considerare starea planetei noastre \u0219i mizeaz\u0103 pe modelul EARTH RUNNER PRIMEBLUE de la<\/p>\n","protected":false},"featured_media":290987,"template":"","meta":[],"product_brand":[],"product_cat":[3086,2192,2193,38,142],"product_tag":[309],"class_list":{"0":"post-39029","1":"product","2":"type-product","3":"status-publish","4":"has-post-thumbnail","6":"product_cat-big-sale-40","7":"product_cat-toate-incaltaminte-barbati","8":"product_cat-toate-incaltaminte-femei","9":"product_cat-adidasi","10":"product_cat-last-size-last-price","11":"product_tag-309","12":"pa_etichete-best-price","14":"first","15":"instock","16":"sale","17":"purchasable","18":"product-type-variable"},"wcpa_form_fields":null,"_links":{"self":[{"href":"https:\/\/dev.prosportmagazin.md\/ro\/wp-json\/wp\/v2\/product\/39029","targetHints":{"allow":["GET"]}}],"collection":[{"href":"https:\/\/dev.prosportmagazin.md\/ro\/wp-json\/wp\/v2\/product"}],"about":[{"href":"https:\/\/dev.prosportmagazin.md\/ro\/wp-json\/wp\/v2\/types\/product"}],"wp:featuredmedia":[{"embeddable":true,"href":"https:\/\/dev.prosportmagazin.md\/ro\/wp-json\/wp\/v2\/media\/290987"}],"wp:attachment":[{"href":"https:\/\/dev.prosportmagazin.md\/ro\/wp-json\/wp\/v2\/media?parent=39029"}],"wp:term":[{"taxonomy":"product_brand","embeddable":true,"href":"https:\/\/dev.prosportmagazin.md\/ro\/wp-json\/wp\/v2\/product_brand?post=39029"},{"taxonomy":"product_cat","embeddable":true,"href":"https:\/\/dev.prosportmagazin.md\/ro\/wp-json\/wp\/v2\/product_cat?post=39029"},{"taxonomy":"product_tag","embeddable":true,"href":"https:\/\/dev.prosportmagazin.md\/ro\/wp-json\/wp\/v2\/product_tag?post=39029"}],"curies":[{"name":"wp","href":"https:\/\/api.w.org\/{rel}","templated":true}]}}