{"id":39496,"date":"2025-12-30T00:00:00","date_gmt":"2025-12-29T21:00:00","guid":{"rendered":"https:\/\/prosport.md\/product\/adidas-adizero-pro-fw7862\/"},"modified":"2026-01-07T12:29:21","modified_gmt":"2026-01-07T09:29:21","slug":"adidas-adizero-pro-fw7862","status":"publish","type":"product","link":"https:\/\/dev.prosportmagazin.md\/ro\/product\/adidas-adizero-pro-fw7862\/","title":{"rendered":"Adidasi Adidas Adizero Pro (FW7862)"},"content":{"rendered":"<p><\/p>\n<p>E\u0219ti gata s\u0103-\u021bi dobori propriul record personal? Adidas a colaborat cu sportivi de top pentru a dezvolta pantofi de alergare care te vor ajuta s\u0103-\u021bi \u00eembun\u0103t\u0103\u021be\u0219ti recordurile.<\/p>\n<p>Fa\u021ba superioar\u0103 extrem de u\u0219oar\u0103 din plas\u0103 dispune de un sistem de fixare \u00eencorporat pentru a men\u021bine piciorul \u00een siguran\u021b\u0103.<\/p>\n<p>Combina\u021bia dintre amortizarea flexibil\u0103 Lightstrike \u0219i tehnologia BOOST, care ofer\u0103 at\u00e2t amortizare, c\u00e2t \u0219i revenire, ofer\u0103 o alergare rapid\u0103 \u0219i confortabil\u0103.<\/p>\n<p><\/p>","protected":false},"excerpt":{"rendered":"<p>E\u0219ti gata s\u0103-\u021bi dobori propriul record personal? Adidas a colaborat cu sportivi de top pentru a dezvolta pantofi de alergare<\/p>\n","protected":false},"featured_media":304195,"template":"","meta":[],"product_brand":[],"product_cat":[3086,2192,38,142],"product_tag":[311],"class_list":{"0":"post-39496","1":"product","2":"type-product","3":"status-publish","4":"has-post-thumbnail","6":"product_cat-big-sale-40","7":"product_cat-toate-incaltaminte-barbati","8":"product_cat-adidasi","9":"product_cat-last-size-last-price","10":"product_tag-311","11":"pa_etichete-reducere","13":"first","14":"instock","15":"sale","16":"purchasable","17":"product-type-variable"},"wcpa_form_fields":null,"_links":{"self":[{"href":"https:\/\/dev.prosportmagazin.md\/ro\/wp-json\/wp\/v2\/product\/39496","targetHints":{"allow":["GET"]}}],"collection":[{"href":"https:\/\/dev.prosportmagazin.md\/ro\/wp-json\/wp\/v2\/product"}],"about":[{"href":"https:\/\/dev.prosportmagazin.md\/ro\/wp-json\/wp\/v2\/types\/product"}],"wp:featuredmedia":[{"embeddable":true,"href":"https:\/\/dev.prosportmagazin.md\/ro\/wp-json\/wp\/v2\/media\/304195"}],"wp:attachment":[{"href":"https:\/\/dev.prosportmagazin.md\/ro\/wp-json\/wp\/v2\/media?parent=39496"}],"wp:term":[{"taxonomy":"product_brand","embeddable":true,"href":"https:\/\/dev.prosportmagazin.md\/ro\/wp-json\/wp\/v2\/product_brand?post=39496"},{"taxonomy":"product_cat","embeddable":true,"href":"https:\/\/dev.prosportmagazin.md\/ro\/wp-json\/wp\/v2\/product_cat?post=39496"},{"taxonomy":"product_tag","embeddable":true,"href":"https:\/\/dev.prosportmagazin.md\/ro\/wp-json\/wp\/v2\/product_tag?post=39496"}],"curies":[{"name":"wp","href":"https:\/\/api.w.org\/{rel}","templated":true}]}}