{"id":40091,"date":"2025-08-14T00:00:00","date_gmt":"2025-08-13T21:00:00","guid":{"rendered":"https:\/\/prosport.md\/product\/women-nike-air-tight-fit-7-8-running-tights-blue\/"},"modified":"2025-10-17T21:15:02","modified_gmt":"2025-10-17T18:15:02","slug":"women-nike-air-tight-fit-7-8-running-tights-blue","status":"publish","type":"product","link":"https:\/\/dev.prosportmagazin.md\/ro\/product\/women-nike-air-tight-fit-7-8-running-tights-blue\/","title":{"rendered":"Leggings Nike Air Tight Fit Leggings 7\/8 (DB4371-432)"},"content":{"rendered":"<p data-start=\"89\" data-end=\"501\"><br data-start=\"94\" data-end=\"97\" \/>Leggings Nike Air Tight Fit 7\/8 sunt alegerea perfect\u0103 pentru femeile active care doresc confort \u0219i performan\u021b\u0103 \u00een timpul antrenamentelor. Ace\u0219ti leggings ofer\u0103 o fixare str\u00e2ns\u0103 pe corp, datorit\u0103 designului lor tight-fit, care \u00ee\u021bi va eviden\u021bia silueta. Materialul din care sunt confec\u021biona\u021bi este elastic \u0219i respirabil, oferind o senza\u021bie de confort pe \u00eentreaga durat\u0103 a activit\u0103\u021bii fizice.<\/p>\n<p data-start=\"503\" data-end=\"796\">Modelul 7\/8 este ideal pentru a l\u0103sa o mic\u0103 fereastr\u0103 de aer la nivelul gleznei, fiind potrivit at\u00e2t pentru activit\u0103\u021bi de fitness, c\u00e2t \u0219i pentru \u021binute de zi cu zi. Designul este completat de un logo Nike discret pe partea superioar\u0103 a pantalonilor, ad\u0103ug\u00e2nd un accent subtil stilului sportiv.<\/p>\n<p data-start=\"798\" data-end=\"813\">Caracteristici:<\/p>\n<ul data-start=\"814\" data-end=\"1063\">\n<li data-start=\"814\" data-end=\"856\">Design tight-fit care se muleaz\u0103 pe corp<\/li>\n<li data-start=\"857\" data-end=\"911\">Material elastic \u0219i respirabil pentru confort sporit<\/li>\n<li data-start=\"912\" data-end=\"972\">Model 7\/8 ideal pentru antrenamente \u0219i stil de via\u021b\u0103 activ<\/li>\n<li data-start=\"973\" data-end=\"1013\">Logo Nike discret pe partea superioar\u0103<\/li>\n<li data-start=\"1014\" data-end=\"1063\">Ideal pentru activit\u0103\u021bi de fitness \u0219i uz zilnic<\/li>\n<\/ul>\n<p data-start=\"1065\" data-end=\"1462\"><\/p>","protected":false},"excerpt":{"rendered":"<p>Leggings Nike Air Tight Fit 7\/8 sunt alegerea perfect\u0103 pentru femeile active care doresc confort \u0219i performan\u021b\u0103 \u00een timpul antrenamentelor.<\/p>\n","protected":false},"featured_media":287592,"template":"","meta":[],"product_brand":[],"product_cat":[2195,142,320],"product_tag":[327],"class_list":{"0":"post-40091","1":"product","2":"type-product","3":"status-publish","4":"has-post-thumbnail","6":"product_cat-toate-hainele-femei","7":"product_cat-last-size-last-price","8":"product_cat-leggings-femei","9":"product_tag-m","10":"pa_etichete-reducere","12":"first","13":"instock","14":"sale","15":"featured","16":"purchasable","17":"product-type-variable"},"wcpa_form_fields":null,"_links":{"self":[{"href":"https:\/\/dev.prosportmagazin.md\/ro\/wp-json\/wp\/v2\/product\/40091","targetHints":{"allow":["GET"]}}],"collection":[{"href":"https:\/\/dev.prosportmagazin.md\/ro\/wp-json\/wp\/v2\/product"}],"about":[{"href":"https:\/\/dev.prosportmagazin.md\/ro\/wp-json\/wp\/v2\/types\/product"}],"wp:featuredmedia":[{"embeddable":true,"href":"https:\/\/dev.prosportmagazin.md\/ro\/wp-json\/wp\/v2\/media\/287592"}],"wp:attachment":[{"href":"https:\/\/dev.prosportmagazin.md\/ro\/wp-json\/wp\/v2\/media?parent=40091"}],"wp:term":[{"taxonomy":"product_brand","embeddable":true,"href":"https:\/\/dev.prosportmagazin.md\/ro\/wp-json\/wp\/v2\/product_brand?post=40091"},{"taxonomy":"product_cat","embeddable":true,"href":"https:\/\/dev.prosportmagazin.md\/ro\/wp-json\/wp\/v2\/product_cat?post=40091"},{"taxonomy":"product_tag","embeddable":true,"href":"https:\/\/dev.prosportmagazin.md\/ro\/wp-json\/wp\/v2\/product_tag?post=40091"}],"curies":[{"name":"wp","href":"https:\/\/api.w.org\/{rel}","templated":true}]}}