{"id":48777,"date":"2025-08-04T00:00:00","date_gmt":"2025-08-03T21:00:00","guid":{"rendered":"https:\/\/prosport.md\/product\/puma-ribbed-fisherman-beanie-02345102\/"},"modified":"2026-02-11T11:12:34","modified_gmt":"2026-02-11T08:12:34","slug":"puma-ribbed-fisherman-beanie-02345102","status":"publish","type":"product","link":"https:\/\/dev.prosportmagazin.md\/ro\/product\/puma-ribbed-fisherman-beanie-02345102\/","title":{"rendered":"Caciula Puma Ribbed Fisherman Beanie (02345102)"},"content":{"rendered":"<p><br \/>\n<strong>DESPRE PRODUS<\/strong><br \/><strong>POVESTEA PRODUSULUI<\/strong><br \/>C\u0103ciula noastr\u0103 modern\u0103 Fisherman Beanie, cu nervuri, are o croial\u0103 scurt\u0103 \u0219i man\u0219ete late pentru un aspect elegant. Perfect\u0103 pentru un look casual \u0219i elegant, aceast\u0103 c\u0103ciul\u0103 este confec\u021bionat\u0103 dintr-un material bicolor \u0219i are logo-ul \u021besut PUMA #2 pe fa\u021b\u0103. Nu rata\u021bi aceast\u0103 c\u0103ciul\u0103 clasic\u0103, creat\u0103 pentru fiecare sezon.<\/p>\n<p>DETALII<br \/>Man\u0219ete Fisherman<br \/>Material bicolor<br \/>Construc\u021bie cu \u0219ase pince<br \/>Logo-ul PUMA #2 pe fa\u021b\u0103<br \/>INSTRUC\u021aIUNI DE \u00ceNGRIJIRE<br \/>Nu r\u0103suci\u021bi<br \/>\u00centinde\u021bi la forma original\u0103 c\u00e2nd este umed\u0103<br \/>Folosi\u021bi detergent rezistent la coloran\u021bi<br \/>Sp\u0103la\u021bi cu culori similare<\/p>\n<p><\/p>","protected":false},"excerpt":{"rendered":"<p>DESPRE PRODUSPOVESTEA PRODUSULUIC\u0103ciula noastr\u0103 modern\u0103 Fisherman Beanie, cu nervuri, are o croial\u0103 scurt\u0103 \u0219i man\u0219ete late pentru un aspect elegant.<\/p>\n","protected":false},"featured_media":48779,"template":"","meta":[],"product_brand":[],"product_cat":[2196,2766,2197,368],"product_tag":[772],"class_list":{"0":"post-48777","1":"product","2":"type-product","3":"status-publish","4":"has-post-thumbnail","6":"product_cat-toate-accesoriile-barbati","7":"product_cat-toate-accesoriile-copii","8":"product_cat-toate-accesoriile-femei","9":"product_cat-caciuli","10":"product_tag-unisex","11":"pa_etichete-best-seller","13":"first","14":"instock","15":"sale","16":"featured","17":"purchasable","18":"product-type-variable"},"wcpa_form_fields":null,"_links":{"self":[{"href":"https:\/\/dev.prosportmagazin.md\/ro\/wp-json\/wp\/v2\/product\/48777","targetHints":{"allow":["GET"]}}],"collection":[{"href":"https:\/\/dev.prosportmagazin.md\/ro\/wp-json\/wp\/v2\/product"}],"about":[{"href":"https:\/\/dev.prosportmagazin.md\/ro\/wp-json\/wp\/v2\/types\/product"}],"wp:featuredmedia":[{"embeddable":true,"href":"https:\/\/dev.prosportmagazin.md\/ro\/wp-json\/wp\/v2\/media\/48779"}],"wp:attachment":[{"href":"https:\/\/dev.prosportmagazin.md\/ro\/wp-json\/wp\/v2\/media?parent=48777"}],"wp:term":[{"taxonomy":"product_brand","embeddable":true,"href":"https:\/\/dev.prosportmagazin.md\/ro\/wp-json\/wp\/v2\/product_brand?post=48777"},{"taxonomy":"product_cat","embeddable":true,"href":"https:\/\/dev.prosportmagazin.md\/ro\/wp-json\/wp\/v2\/product_cat?post=48777"},{"taxonomy":"product_tag","embeddable":true,"href":"https:\/\/dev.prosportmagazin.md\/ro\/wp-json\/wp\/v2\/product_tag?post=48777"}],"curies":[{"name":"wp","href":"https:\/\/api.w.org\/{rel}","templated":true}]}}