{"id":48955,"date":"2026-01-17T23:00:00","date_gmt":"2026-01-17T21:00:00","guid":{"rendered":"https:\/\/prosport.md\/product\/flip-flops-puma-divecat-v2-38671302\/"},"modified":"2026-02-25T18:13:58","modified_gmt":"2026-02-25T16:13:58","slug":"flip-flops-puma-divecat-v2-38671302","status":"publish","type":"product","link":"https:\/\/dev.prosportmagazin.md\/ro\/product\/flip-flops-puma-divecat-v2-38671302\/","title":{"rendered":"Slapi Puma Divecat v2 (38671302)"},"content":{"rendered":"<p><\/p>\n<p>Practice, u\u0219oare \u0219i versatile, \u0219lapii Puma Divecat V2 Lite Cat sunt concepu\u021bi pentru recreere activ\u0103 \u0219i confort zilnic. Materialele lor rezistente la ap\u0103 \u00eei fac ideali pentru plaj\u0103, piscin\u0103 sau du\u0219, \u00een timp ce designul elegant cu sigla PUMA Cat adaug\u0103 o not\u0103 modern\u0103 \u0219i sportiv\u0103.<\/p>\n<p>Talpa intermediar\u0103 amortizat\u0103 CMEVA \u0219i talpa exterioar\u0103 u\u0219oar\u0103 turnat\u0103 IMEVA ofer\u0103 moliciune \u0219i stabilitate la fiecare pas. Brantul texturat EVA cu densitate dubl\u0103 spore\u0219te confortul \u0219i previne alunecarea, chiar \u0219i \u00een condi\u021bii de umiditate.<\/p>\n<p>\u0218lapii sunt u\u0219or de cur\u0103\u021bat, se usuc\u0103 rapid \u0219i \u00ee\u0219i p\u0103streaz\u0103 forma \u00een timp &#8211; alegerea perfect\u0103 pentru var\u0103.<\/p>\n<p>Alege\u021bi Puma Divecat V2 Lite Cat &#8211; \u0219lapi u\u0219ori, confortabili \u0219i rezisten\u021bi la ap\u0103, concepu\u021bi pentru confort zilnic!<\/p>\n<p>Caracteristici:<\/p>\n<p>\u2022 Talp\u0103 intermediar\u0103 CMEVA cu amortizare<br \/>\n\u2022 Talp\u0103 exterioar\u0103 IMEVA u\u0219oar\u0103, turnat\u0103<br \/>\n\u2022 Brant interior EVA cu densitate dubl\u0103<br \/>\n\u2022 Brant texturat pentru confort<br \/>\n\u2022 Material rezistent la ap\u0103<br \/>\n\u2022 Logo Puma Cat pe curea<br \/>\n\u2022 \u021aara de fabrica\u021bie: China<\/p>\n<p>Materiale:<\/p>\n<p>\u2022 Talp\u0103: 100% sintetic<br \/>\n\u2022 Parte superioar\u0103: 100% sintetic<\/p>\n<p><\/p>","protected":false},"excerpt":{"rendered":"<p>Practice, u\u0219oare \u0219i versatile, \u0219lapii Puma Divecat V2 Lite Cat sunt concepu\u021bi pentru recreere activ\u0103 \u0219i confort zilnic. Materialele lor<\/p>\n","protected":false},"featured_media":317339,"template":"","meta":[],"product_brand":[],"product_cat":[2192,2765,2193,202],"product_tag":[294],"class_list":{"0":"post-48955","1":"product","2":"type-product","3":"status-publish","4":"has-post-thumbnail","6":"product_cat-toate-incaltaminte-barbati","7":"product_cat-toata-incaltamintea-copii","8":"product_cat-toate-incaltaminte-femei","9":"product_cat-slapi","10":"product_tag-294","11":"pa_etichete-2508","12":"pa_etichete-best-seller","14":"first","15":"instock","16":"purchasable","17":"product-type-variable"},"wcpa_form_fields":null,"_links":{"self":[{"href":"https:\/\/dev.prosportmagazin.md\/ro\/wp-json\/wp\/v2\/product\/48955","targetHints":{"allow":["GET"]}}],"collection":[{"href":"https:\/\/dev.prosportmagazin.md\/ro\/wp-json\/wp\/v2\/product"}],"about":[{"href":"https:\/\/dev.prosportmagazin.md\/ro\/wp-json\/wp\/v2\/types\/product"}],"wp:featuredmedia":[{"embeddable":true,"href":"https:\/\/dev.prosportmagazin.md\/ro\/wp-json\/wp\/v2\/media\/317339"}],"wp:attachment":[{"href":"https:\/\/dev.prosportmagazin.md\/ro\/wp-json\/wp\/v2\/media?parent=48955"}],"wp:term":[{"taxonomy":"product_brand","embeddable":true,"href":"https:\/\/dev.prosportmagazin.md\/ro\/wp-json\/wp\/v2\/product_brand?post=48955"},{"taxonomy":"product_cat","embeddable":true,"href":"https:\/\/dev.prosportmagazin.md\/ro\/wp-json\/wp\/v2\/product_cat?post=48955"},{"taxonomy":"product_tag","embeddable":true,"href":"https:\/\/dev.prosportmagazin.md\/ro\/wp-json\/wp\/v2\/product_tag?post=48955"}],"curies":[{"name":"wp","href":"https:\/\/api.w.org\/{rel}","templated":true}]}}