{"id":50706,"date":"2026-02-11T00:00:00","date_gmt":"2026-02-10T21:00:00","guid":{"rendered":"https:\/\/prosport.md\/product\/caciula-nike-beanie-dj6223-430\/"},"modified":"2026-02-11T21:28:44","modified_gmt":"2026-02-11T18:28:44","slug":"caciula-nike-beanie-dj6223-430","status":"publish","type":"product","link":"https:\/\/dev.prosportmagazin.md\/ro\/product\/caciula-nike-beanie-dj6223-430\/","title":{"rendered":"Caciula Nike Beanie (DJ6223-430)"},"content":{"rendered":"<p><\/p>\n<p>C\u0103ciula Nike Sportswear este un accesoriu indispensabil dintr-un motiv: acest model clasic cu man\u0219et\u0103 te \u021bine de cald \u0219i stilat. Man\u0219eta nu este cusut\u0103, iar eticheta prezint\u0103 un logo pe ambele p\u0103r\u021bi pentru un stil \u0219i o croial\u0103 personalizabile. Croial\u0103 versatil\u0103 \u00cendoi\u021bi \u0219i desface\u021bi man\u0219eta \u00eentr-un singur pas simplu. Eticheta \u021besut\u0103 prezint\u0103 inscrip\u021bia \u201eNike\u201d pe ambele p\u0103r\u021bi. Design tricotat Designul tricotat cu nervuri ofer\u0103 c\u0103ldur\u0103 \u0219i confort. Detalii produs 95% acrilic \/ 4% nailon \/ 1% elastan Sp\u0103lare manual\u0103 Importat \u021aara sau regiunea de origine: China<\/p>\n<p><\/p>","protected":false},"excerpt":{"rendered":"<p>C\u0103ciula Nike Sportswear este un accesoriu indispensabil dintr-un motiv: acest model clasic cu man\u0219et\u0103 te \u021bine de cald \u0219i stilat.<\/p>\n","protected":false},"featured_media":283308,"template":"","meta":[],"product_brand":[],"product_cat":[2196,2766,2197,368],"product_tag":[],"class_list":{"0":"post-50706","1":"product","2":"type-product","3":"status-publish","4":"has-post-thumbnail","6":"product_cat-toate-accesoriile-barbati","7":"product_cat-toate-accesoriile-copii","8":"product_cat-toate-accesoriile-femei","9":"product_cat-caciuli","10":"pa_etichete-sale","12":"first","13":"instock","14":"sale","15":"featured","16":"purchasable","17":"product-type-variable"},"wcpa_form_fields":null,"_links":{"self":[{"href":"https:\/\/dev.prosportmagazin.md\/ro\/wp-json\/wp\/v2\/product\/50706","targetHints":{"allow":["GET"]}}],"collection":[{"href":"https:\/\/dev.prosportmagazin.md\/ro\/wp-json\/wp\/v2\/product"}],"about":[{"href":"https:\/\/dev.prosportmagazin.md\/ro\/wp-json\/wp\/v2\/types\/product"}],"wp:featuredmedia":[{"embeddable":true,"href":"https:\/\/dev.prosportmagazin.md\/ro\/wp-json\/wp\/v2\/media\/283308"}],"wp:attachment":[{"href":"https:\/\/dev.prosportmagazin.md\/ro\/wp-json\/wp\/v2\/media?parent=50706"}],"wp:term":[{"taxonomy":"product_brand","embeddable":true,"href":"https:\/\/dev.prosportmagazin.md\/ro\/wp-json\/wp\/v2\/product_brand?post=50706"},{"taxonomy":"product_cat","embeddable":true,"href":"https:\/\/dev.prosportmagazin.md\/ro\/wp-json\/wp\/v2\/product_cat?post=50706"},{"taxonomy":"product_tag","embeddable":true,"href":"https:\/\/dev.prosportmagazin.md\/ro\/wp-json\/wp\/v2\/product_tag?post=50706"}],"curies":[{"name":"wp","href":"https:\/\/api.w.org\/{rel}","templated":true}]}}