{"id":54721,"date":"2025-08-18T00:00:00","date_gmt":"2025-08-17T21:00:00","guid":{"rendered":"https:\/\/prosport.md\/product\/puma-performance-52031801\/"},"modified":"2025-10-03T08:40:12","modified_gmt":"2025-10-03T05:40:12","slug":"puma-performance-52031801","status":"publish","type":"product","link":"https:\/\/dev.prosportmagazin.md\/ro\/product\/puma-performance-52031801\/","title":{"rendered":"Pantaloni Scurti Puma Performance Woven (52031801)"},"content":{"rendered":"<p data-start=\"81\" data-end=\"480\"><br data-start=\"86\" data-end=\"89\" \/>Pantalonii scur\u021bi Puma Performance sunt ideal pentru activit\u0103\u021bile fizice intense sau pentru momentele de relaxare din timpul verii. Construi\u021bi din materiale u\u0219oare \u0219i respirabile, ace\u0219tia sunt extrem de confortabili, asigur\u00e2nd o libertate total\u0103 de mi\u0219care. Designul modern \u0219i croiala sportiv\u0103 \u00eei fac perfec\u021bi pentru antrenamente, alergat sau chiar pentru o zi relaxant\u0103 la plaj\u0103.<\/p>\n<p data-start=\"482\" data-end=\"899\">Cureaua elastic\u0103 din talie ofer\u0103 o fixare perfect\u0103, iar detaliile reflectorizante adaug\u0103 un plus de vizibilitate \u00een condi\u021bii de lumin\u0103 sc\u0103zut\u0103. Aceste detalii, \u00eempreun\u0103 cu logo-ul Puma pe lateral, fac din ace\u0219ti pantaloni o alegere de top pentru iubitorii de sport \u0219i de mod\u0103. De asemenea, materialul tehnic permite o uscare rapid\u0103, ceea ce este un mare avantaj \u00een timpul antrenamentelor sau \u00een zilele mai c\u0103lduroase.<\/p>\n<p data-start=\"901\" data-end=\"916\">Caracteristici:<\/p>\n<ul data-start=\"917\" data-end=\"1184\">\n<li data-start=\"917\" data-end=\"967\">Material u\u0219or \u0219i respirabil pentru confort optim<\/li>\n<li data-start=\"968\" data-end=\"1021\">Cureaua elastic\u0103 din talie pentru o fixare perfect\u0103<\/li>\n<li data-start=\"1022\" data-end=\"1078\">Detalii reflectorizante pentru o vizibilitate crescut\u0103<\/li>\n<li data-start=\"1079\" data-end=\"1124\">Logo Puma pe lateral pentru un look sportiv<\/li>\n<li data-start=\"1125\" data-end=\"1184\">Ideal pentru antrenamente, alergat sau activit\u0103\u021bi de var\u0103<\/li>\n<\/ul>\n<p data-start=\"1186\" data-end=\"1541\"><\/p>","protected":false},"excerpt":{"rendered":"<p>Pantalonii scur\u021bi Puma Performance sunt ideal pentru activit\u0103\u021bile fizice intense sau pentru momentele de relaxare din timpul verii. Construi\u021bi din<\/p>\n","protected":false},"featured_media":131211,"template":"","meta":[],"product_brand":[],"product_cat":[2194,303],"product_tag":[322],"class_list":{"0":"post-54721","1":"product","2":"type-product","3":"status-publish","4":"has-post-thumbnail","6":"product_cat-toate-hainele-barbati","7":"product_cat-sorti-barbati","8":"product_tag-xl","9":"pa_etichete-reducere","11":"first","12":"instock","13":"sale","14":"featured","15":"purchasable","16":"product-type-variable"},"wcpa_form_fields":null,"_links":{"self":[{"href":"https:\/\/dev.prosportmagazin.md\/ro\/wp-json\/wp\/v2\/product\/54721","targetHints":{"allow":["GET"]}}],"collection":[{"href":"https:\/\/dev.prosportmagazin.md\/ro\/wp-json\/wp\/v2\/product"}],"about":[{"href":"https:\/\/dev.prosportmagazin.md\/ro\/wp-json\/wp\/v2\/types\/product"}],"wp:featuredmedia":[{"embeddable":true,"href":"https:\/\/dev.prosportmagazin.md\/ro\/wp-json\/wp\/v2\/media\/131211"}],"wp:attachment":[{"href":"https:\/\/dev.prosportmagazin.md\/ro\/wp-json\/wp\/v2\/media?parent=54721"}],"wp:term":[{"taxonomy":"product_brand","embeddable":true,"href":"https:\/\/dev.prosportmagazin.md\/ro\/wp-json\/wp\/v2\/product_brand?post=54721"},{"taxonomy":"product_cat","embeddable":true,"href":"https:\/\/dev.prosportmagazin.md\/ro\/wp-json\/wp\/v2\/product_cat?post=54721"},{"taxonomy":"product_tag","embeddable":true,"href":"https:\/\/dev.prosportmagazin.md\/ro\/wp-json\/wp\/v2\/product_tag?post=54721"}],"curies":[{"name":"wp","href":"https:\/\/api.w.org\/{rel}","templated":true}]}}