{"id":60803,"date":"2026-03-04T00:00:00","date_gmt":"2026-03-03T22:00:00","guid":{"rendered":"https:\/\/prosport.md\/product\/nike-air-force-1-shadow-ci0919-100\/"},"modified":"2026-04-25T12:41:57","modified_gmt":"2026-04-25T10:41:57","slug":"nike-air-force-1-shadow-ci0919-100","status":"publish","type":"product","link":"https:\/\/dev.prosportmagazin.md\/ro\/product\/nike-air-force-1-shadow-ci0919-100\/","title":{"rendered":"Ghete Nike Air Force 1 Shadow (CI0919-100)"},"content":{"rendered":"<p>Dac\u0103 g\u00e2ndul la sneakers Nike Air Force 1 \u00ee\u021bi accelereaz\u0103 pulsul, mai bine ia o gur\u0103 de aer. Versiunea Shadow \u00ee\u021bi ofer\u0103 tot ce este mai bun la acest model, dar&#8230; \u00een dublu! Dou\u0103 zone de orificii, dou\u0103 margini, dou\u0103 bucle \u00een spate \u0219i logo Swoosh dublat. Acest efect de layering este un omagiu adus designului lui Bruce Kilgore din anul 1982, dar \u0219i un semn de apreciere pentru fanii modelului. E\u0219ti deja unul dintre ei?<\/p>","protected":false},"excerpt":{"rendered":"<p>Dac\u0103 g\u00e2ndul la sneakers Nike Air Force 1 \u00ee\u021bi accelereaz\u0103 pulsul, mai bine ia o gur\u0103 de aer. Versiunea Shadow<\/p>\n","protected":false},"featured_media":316852,"template":"","meta":[],"product_brand":[],"product_cat":[2192,2765,2193,39],"product_tag":[311],"class_list":{"0":"post-60803","1":"product","2":"type-product","3":"status-publish","4":"has-post-thumbnail","6":"product_cat-toate-incaltaminte-barbati","7":"product_cat-toata-incaltamintea-copii","8":"product_cat-toate-incaltaminte-femei","9":"product_cat-ghete","10":"product_tag-311","11":"pa_etichete-best-seller","13":"first","14":"instock","15":"sale","16":"featured","17":"purchasable","18":"product-type-variable"},"wcpa_form_fields":null,"_links":{"self":[{"href":"https:\/\/dev.prosportmagazin.md\/ro\/wp-json\/wp\/v2\/product\/60803","targetHints":{"allow":["GET"]}}],"collection":[{"href":"https:\/\/dev.prosportmagazin.md\/ro\/wp-json\/wp\/v2\/product"}],"about":[{"href":"https:\/\/dev.prosportmagazin.md\/ro\/wp-json\/wp\/v2\/types\/product"}],"wp:featuredmedia":[{"embeddable":true,"href":"https:\/\/dev.prosportmagazin.md\/ro\/wp-json\/wp\/v2\/media\/316852"}],"wp:attachment":[{"href":"https:\/\/dev.prosportmagazin.md\/ro\/wp-json\/wp\/v2\/media?parent=60803"}],"wp:term":[{"taxonomy":"product_brand","embeddable":true,"href":"https:\/\/dev.prosportmagazin.md\/ro\/wp-json\/wp\/v2\/product_brand?post=60803"},{"taxonomy":"product_cat","embeddable":true,"href":"https:\/\/dev.prosportmagazin.md\/ro\/wp-json\/wp\/v2\/product_cat?post=60803"},{"taxonomy":"product_tag","embeddable":true,"href":"https:\/\/dev.prosportmagazin.md\/ro\/wp-json\/wp\/v2\/product_tag?post=60803"}],"curies":[{"name":"wp","href":"https:\/\/api.w.org\/{rel}","templated":true}]}}