{"id":64753,"date":"2026-02-09T00:00:00","date_gmt":"2026-02-08T21:00:00","guid":{"rendered":"https:\/\/prosport.md\/product\/ciorapi-nike-everyday-lightweight-sx4863-900\/"},"modified":"2026-03-03T09:15:43","modified_gmt":"2026-03-03T07:15:43","slug":"ciorapi-nike-everyday-lightweight-sx4863-900","status":"publish","type":"product","link":"https:\/\/dev.prosportmagazin.md\/ro\/product\/ciorapi-nike-everyday-lightweight-sx4863-900\/","title":{"rendered":"Ciorapi Nike Everyday Plus Cushioned Training Crew Socks (6 Pairs) (SX6897-100)"},"content":{"rendered":"<p><br \/>\n\u0218osetele Nike Everyday Plus Cushioned (6Perechi) aduc confort antrenamentului cu o amortizare suplimentar\u0103 sub c\u0103lc\u00e2i \u0219i antepicior \u0219i o band\u0103 de sus\u021binere a arcului confortabil. Puterea de absorb\u021bie a transpira\u021biei \u0219i respirabilitatea sus v\u0103 ajut\u0103 s\u0103 v\u0103 men\u021bine\u021bi picioarele uscate \u0219i r\u0103coroase pentru a v\u0103 ajuta s\u0103 trece\u021bi prin acel set suplimentar.<\/p>\n<p><\/p>","protected":false},"excerpt":{"rendered":"<p>\u0218osetele Nike Everyday Plus Cushioned (6Perechi) aduc confort antrenamentului cu o amortizare suplimentar\u0103 sub c\u0103lc\u00e2i \u0219i antepicior \u0219i o band\u0103<\/p>\n","protected":false},"featured_media":88038,"template":"","meta":[],"product_brand":[],"product_cat":[2196,2766,2197,2194,2767,2195,404,1836],"product_tag":[307],"class_list":{"0":"post-64753","1":"product","2":"type-product","3":"status-publish","4":"has-post-thumbnail","6":"product_cat-toate-accesoriile-barbati","7":"product_cat-toate-accesoriile-copii","8":"product_cat-toate-accesoriile-femei","9":"product_cat-toate-hainele-barbati","10":"product_cat-toate-hainele-copii","11":"product_cat-toate-hainele-femei","12":"product_cat-ciorapi","13":"product_cat-ciorapi-copii-fete","14":"product_tag-s","15":"pa_etichete-best-seller","17":"first","18":"instock","19":"sale","20":"featured","21":"purchasable","22":"product-type-variable"},"wcpa_form_fields":null,"_links":{"self":[{"href":"https:\/\/dev.prosportmagazin.md\/ro\/wp-json\/wp\/v2\/product\/64753","targetHints":{"allow":["GET"]}}],"collection":[{"href":"https:\/\/dev.prosportmagazin.md\/ro\/wp-json\/wp\/v2\/product"}],"about":[{"href":"https:\/\/dev.prosportmagazin.md\/ro\/wp-json\/wp\/v2\/types\/product"}],"wp:featuredmedia":[{"embeddable":true,"href":"https:\/\/dev.prosportmagazin.md\/ro\/wp-json\/wp\/v2\/media\/88038"}],"wp:attachment":[{"href":"https:\/\/dev.prosportmagazin.md\/ro\/wp-json\/wp\/v2\/media?parent=64753"}],"wp:term":[{"taxonomy":"product_brand","embeddable":true,"href":"https:\/\/dev.prosportmagazin.md\/ro\/wp-json\/wp\/v2\/product_brand?post=64753"},{"taxonomy":"product_cat","embeddable":true,"href":"https:\/\/dev.prosportmagazin.md\/ro\/wp-json\/wp\/v2\/product_cat?post=64753"},{"taxonomy":"product_tag","embeddable":true,"href":"https:\/\/dev.prosportmagazin.md\/ro\/wp-json\/wp\/v2\/product_tag?post=64753"}],"curies":[{"name":"wp","href":"https:\/\/api.w.org\/{rel}","templated":true}]}}