{"id":68021,"date":"2025-07-31T14:02:50","date_gmt":"2025-07-31T11:02:50","guid":{"rendered":"https:\/\/prosport.md\/product\/adidas-ozelia-shoes-gx6449\/"},"modified":"2025-10-03T08:14:34","modified_gmt":"2025-10-03T05:14:34","slug":"adidas-ozelia-shoes-gx6449","status":"publish","type":"product","link":"https:\/\/dev.prosportmagazin.md\/ro\/product\/adidas-ozelia-shoes-gx6449\/","title":{"rendered":"Adidasi Adidas Ozelia (GX6449)"},"content":{"rendered":"<p><br \/>\nTENISI FLUID CU PERN\u0102 \u00ceMBUN\u0102T\u0102\u021aIT\u0102.<br \/>\nAnii &#8217;90 au fost plini de stil revolt\u0103tor \u0219i extravagant, iar ace\u0219ti pantofi adidas \u00eel aduc \u00eenapoi. O evolu\u021bie a pantofului de alergare din epoca sa, este \u00eendr\u0103zne\u021b, voluminos \u0219i incredibil de confortabil. Amortizarea Adiprene \u0219i partea superioar\u0103 confortabil\u0103 fac ca fiecare pas s\u0103 se simt\u0103 bine.<\/p>\n<p>ADIDASI CU AMORTIZARE \u00ceMBUN\u0102TIT\u0102.<br \/>\nAnii \u201990 au fost totul despre stil scandalos \u0219i exagerat, iar ace\u0219ti pantofi adidas \u00eel readuc \u00eenapoi. O evolu\u021bie a unui pantof de alergare de atunci, sunt \u00eendr\u0103zne\u021bi, voluminosi \u0219i incredibil de confortabili. Amortizarea Adiprene \u0219i partea superioar\u0103 confortabil\u0103 fac ca fiecare pas s\u0103 se simt\u0103 bine.<\/p>\n<p><\/p>","protected":false},"excerpt":{"rendered":"<p>TENISI FLUID CU PERN\u0102 \u00ceMBUN\u0102T\u0102\u021aIT\u0102. Anii &#8217;90 au fost plini de stil revolt\u0103tor \u0219i extravagant, iar ace\u0219ti pantofi adidas \u00eel<\/p>\n","protected":false},"featured_media":68033,"template":"","meta":[],"product_brand":[],"product_cat":[2192,2193,38],"product_tag":[381],"class_list":{"0":"post-68021","1":"product","2":"type-product","3":"status-publish","4":"has-post-thumbnail","6":"product_cat-toate-incaltaminte-barbati","7":"product_cat-toate-incaltaminte-femei","8":"product_cat-adidasi","9":"product_tag-381","11":"first","12":"instock","13":"sale","14":"purchasable","15":"product-type-variable"},"wcpa_form_fields":null,"_links":{"self":[{"href":"https:\/\/dev.prosportmagazin.md\/ro\/wp-json\/wp\/v2\/product\/68021","targetHints":{"allow":["GET"]}}],"collection":[{"href":"https:\/\/dev.prosportmagazin.md\/ro\/wp-json\/wp\/v2\/product"}],"about":[{"href":"https:\/\/dev.prosportmagazin.md\/ro\/wp-json\/wp\/v2\/types\/product"}],"wp:featuredmedia":[{"embeddable":true,"href":"https:\/\/dev.prosportmagazin.md\/ro\/wp-json\/wp\/v2\/media\/68033"}],"wp:attachment":[{"href":"https:\/\/dev.prosportmagazin.md\/ro\/wp-json\/wp\/v2\/media?parent=68021"}],"wp:term":[{"taxonomy":"product_brand","embeddable":true,"href":"https:\/\/dev.prosportmagazin.md\/ro\/wp-json\/wp\/v2\/product_brand?post=68021"},{"taxonomy":"product_cat","embeddable":true,"href":"https:\/\/dev.prosportmagazin.md\/ro\/wp-json\/wp\/v2\/product_cat?post=68021"},{"taxonomy":"product_tag","embeddable":true,"href":"https:\/\/dev.prosportmagazin.md\/ro\/wp-json\/wp\/v2\/product_tag?post=68021"}],"curies":[{"name":"wp","href":"https:\/\/api.w.org\/{rel}","templated":true}]}}