{"id":68761,"date":"2024-04-04T00:00:00","date_gmt":"2024-04-03T21:00:00","guid":{"rendered":"https:\/\/prosport.md\/product\/northwave-origin-jersey-89221017-97\/"},"modified":"2025-10-03T08:54:41","modified_gmt":"2025-10-03T05:54:41","slug":"northwave-origin-jersey-89221017-97","status":"publish","type":"product","link":"https:\/\/dev.prosportmagazin.md\/ro\/product\/northwave-origin-jersey-89221017-97\/","title":{"rendered":"Northwave Origin jersey (89221017-97)"},"content":{"rendered":"<p>Tricou Northwave Origin, din \u021bes\u0103tur\u0103 cu plas\u0103 deschis\u0103 respirabil\u0103, cu panouri din plas\u0103 pe laterale pentru gestionarea eficient\u0103 a transpira\u021biei<\/p>\n<ul>\n<li>Banda elastica din silicon.<\/li>\n<li>Fermoar YKK cu deschidere complet\u0103 cu blocare cursor.<\/li>\n<li>3 buzunare spate.<\/li>\n<li>Culoare: gri\/rosu.<\/li>\n<\/ul>\n","protected":false},"excerpt":{"rendered":"<p>Tricou Northwave Origin, din \u021bes\u0103tur\u0103 cu plas\u0103 deschis\u0103 respirabil\u0103, cu panouri din plas\u0103 pe laterale pentru gestionarea eficient\u0103 a transpira\u021biei<\/p>\n","protected":false},"featured_media":68763,"template":"","meta":[],"product_brand":[],"product_cat":[3086,2194,1818,142,331],"product_tag":[327],"class_list":{"0":"post-68761","1":"product","2":"type-product","3":"status-publish","4":"has-post-thumbnail","6":"product_cat-big-sale-40","7":"product_cat-toate-hainele-barbati","8":"product_cat-ciclism-barbati","9":"product_cat-last-size-last-price","10":"product_cat-tricouri-barbati","11":"product_tag-m","13":"first","14":"instock","15":"sale","16":"purchasable","17":"product-type-variable"},"wcpa_form_fields":null,"_links":{"self":[{"href":"https:\/\/dev.prosportmagazin.md\/ro\/wp-json\/wp\/v2\/product\/68761","targetHints":{"allow":["GET"]}}],"collection":[{"href":"https:\/\/dev.prosportmagazin.md\/ro\/wp-json\/wp\/v2\/product"}],"about":[{"href":"https:\/\/dev.prosportmagazin.md\/ro\/wp-json\/wp\/v2\/types\/product"}],"wp:featuredmedia":[{"embeddable":true,"href":"https:\/\/dev.prosportmagazin.md\/ro\/wp-json\/wp\/v2\/media\/68763"}],"wp:attachment":[{"href":"https:\/\/dev.prosportmagazin.md\/ro\/wp-json\/wp\/v2\/media?parent=68761"}],"wp:term":[{"taxonomy":"product_brand","embeddable":true,"href":"https:\/\/dev.prosportmagazin.md\/ro\/wp-json\/wp\/v2\/product_brand?post=68761"},{"taxonomy":"product_cat","embeddable":true,"href":"https:\/\/dev.prosportmagazin.md\/ro\/wp-json\/wp\/v2\/product_cat?post=68761"},{"taxonomy":"product_tag","embeddable":true,"href":"https:\/\/dev.prosportmagazin.md\/ro\/wp-json\/wp\/v2\/product_tag?post=68761"}],"curies":[{"name":"wp","href":"https:\/\/api.w.org\/{rel}","templated":true}]}}