{"id":69195,"date":"2025-07-27T12:00:00","date_gmt":"2025-07-27T09:00:00","guid":{"rendered":"https:\/\/prosport.md\/product\/air-max-tw-dq3984-100\/"},"modified":"2025-10-03T08:40:52","modified_gmt":"2025-10-03T05:40:52","slug":"air-max-tw-dq3984-100","status":"publish","type":"product","link":"https:\/\/dev.prosportmagazin.md\/ro\/product\/air-max-tw-dq3984-100\/","title":{"rendered":"Adidasi Nike Air Max TW Racer Blue (DQ3984-100)"},"content":{"rendered":"<p><br \/>\nNike nu este str\u0103in s\u0103-\u0219i scufunde degetele de la picioare \u00een contemporan, adesea cre\u00e2nd siluete noi, bine \u00eendep\u0103rtate de clasicele lor. Cu toate acestea, asta nu \u00eenseamn\u0103 c\u0103 Swoosh-ul \u0219i-a uitat trecutul, deoarece la fel de des \u00eei s\u0103rb\u0103toresc pe cei mari de alt\u0103dat\u0103. Un caz concret: Air Max TW .<br \/>\n<\/p>","protected":false},"excerpt":{"rendered":"<p>Nike nu este str\u0103in s\u0103-\u0219i scufunde degetele de la picioare \u00een contemporan, adesea cre\u00e2nd siluete noi, bine \u00eendep\u0103rtate de clasicele<\/p>\n","protected":false},"featured_media":69198,"template":"","meta":[],"product_brand":[],"product_cat":[2192,2765,2193,38],"product_tag":[311],"class_list":{"0":"post-69195","1":"product","2":"type-product","3":"status-publish","4":"has-post-thumbnail","6":"product_cat-toate-incaltaminte-barbati","7":"product_cat-toata-incaltamintea-copii","8":"product_cat-toate-incaltaminte-femei","9":"product_cat-adidasi","10":"product_tag-311","12":"first","13":"instock","14":"sale","15":"purchasable","16":"product-type-variable"},"wcpa_form_fields":null,"_links":{"self":[{"href":"https:\/\/dev.prosportmagazin.md\/ro\/wp-json\/wp\/v2\/product\/69195","targetHints":{"allow":["GET"]}}],"collection":[{"href":"https:\/\/dev.prosportmagazin.md\/ro\/wp-json\/wp\/v2\/product"}],"about":[{"href":"https:\/\/dev.prosportmagazin.md\/ro\/wp-json\/wp\/v2\/types\/product"}],"wp:featuredmedia":[{"embeddable":true,"href":"https:\/\/dev.prosportmagazin.md\/ro\/wp-json\/wp\/v2\/media\/69198"}],"wp:attachment":[{"href":"https:\/\/dev.prosportmagazin.md\/ro\/wp-json\/wp\/v2\/media?parent=69195"}],"wp:term":[{"taxonomy":"product_brand","embeddable":true,"href":"https:\/\/dev.prosportmagazin.md\/ro\/wp-json\/wp\/v2\/product_brand?post=69195"},{"taxonomy":"product_cat","embeddable":true,"href":"https:\/\/dev.prosportmagazin.md\/ro\/wp-json\/wp\/v2\/product_cat?post=69195"},{"taxonomy":"product_tag","embeddable":true,"href":"https:\/\/dev.prosportmagazin.md\/ro\/wp-json\/wp\/v2\/product_tag?post=69195"}],"curies":[{"name":"wp","href":"https:\/\/api.w.org\/{rel}","templated":true}]}}