{"id":71876,"date":"2025-12-23T00:00:00","date_gmt":"2025-12-22T21:00:00","guid":{"rendered":"https:\/\/prosport.md\/product\/nike-heritage-bag-ba5750-010\/"},"modified":"2025-12-24T12:44:35","modified_gmt":"2025-12-24T09:44:35","slug":"nike-heritage-bag-ba5750-010","status":"publish","type":"product","link":"https:\/\/dev.prosportmagazin.md\/ro\/product\/nike-heritage-bag-ba5750-010\/","title":{"rendered":"Borseta Nike Heritage Bag (BA5750-010)"},"content":{"rendered":"<p><\/p>\n<p>DEPOZITARE RAPID\u0102.<\/p>\n<p>O curea confortabil\u0103 \u0219i u\u0219or de ajustat face ca rucsacul Nike Heritage s\u0103 fie o alegere evident\u0103 pentru c\u0103l\u0103toriile de zi cu zi. Compartimentul principal ofer\u0103 depozitare sigur\u0103 pentru telefon, gust\u0103ri sau portofel, \u00een timp ce buzunarul mai mic pentru accesorii de pe partea din spate ajut\u0103 la p\u0103strarea \u00een siguran\u021b\u0103 \u0219i la \u00eendem\u00e2n\u0103 a lucrurilor precum cheile \u0219i informa\u021biile de c\u0103l\u0103torie. Acest produs este fabricat din cel pu\u021bin 65% poliester reciclat.<\/p>\n<p>Caracteristici<\/p>\n<p>\u2022 Catarama se \u00eenchide la mijlocul curelei pentru o potrivire confortabil\u0103 \u0219i u\u0219or de ajustat. Geanta poate fi purtat\u0103 la talie, peste corp sau peste um\u0103r.<br \/>\n\u2022 Fermoarul dublu de pe buzunarul frontal ofer\u0103 acces facil la obiecte mai mari.<br \/>\n\u2022 Fermoarul dublu de pe spate p\u0103streaz\u0103 obiectele mai mici depozitate \u00een siguran\u021b\u0103.<\/p>\n<p>Mai multe detalii<br \/>\n\u2022 40,6 cm L X 10,2 cm l X 15,2 cm H<br \/>\n\u2022 7,6 cm L<br \/>\n\u2022 100% nailon<br \/>\n\u2022 Cur\u0103\u021bare pete<\/p>\n<p><\/p>","protected":false},"excerpt":{"rendered":"<p>DEPOZITARE RAPID\u0102. O curea confortabil\u0103 \u0219i u\u0219or de ajustat face ca rucsacul Nike Heritage s\u0103 fie o alegere evident\u0103 pentru<\/p>\n","protected":false},"featured_media":302223,"template":"","meta":[],"product_brand":[],"product_cat":[3086,2196,2766,2197,43,953],"product_tag":[],"class_list":{"0":"post-71876","1":"product","2":"type-product","3":"status-publish","4":"has-post-thumbnail","6":"product_cat-big-sale-40","7":"product_cat-toate-accesoriile-barbati","8":"product_cat-toate-accesoriile-copii","9":"product_cat-toate-accesoriile-femei","10":"product_cat-genti","11":"product_cat-genti-femei","12":"pa_etichete-promotie","14":"first","15":"instock","16":"sale","17":"featured","18":"purchasable","19":"product-type-variable"},"wcpa_form_fields":null,"_links":{"self":[{"href":"https:\/\/dev.prosportmagazin.md\/ro\/wp-json\/wp\/v2\/product\/71876","targetHints":{"allow":["GET"]}}],"collection":[{"href":"https:\/\/dev.prosportmagazin.md\/ro\/wp-json\/wp\/v2\/product"}],"about":[{"href":"https:\/\/dev.prosportmagazin.md\/ro\/wp-json\/wp\/v2\/types\/product"}],"wp:featuredmedia":[{"embeddable":true,"href":"https:\/\/dev.prosportmagazin.md\/ro\/wp-json\/wp\/v2\/media\/302223"}],"wp:attachment":[{"href":"https:\/\/dev.prosportmagazin.md\/ro\/wp-json\/wp\/v2\/media?parent=71876"}],"wp:term":[{"taxonomy":"product_brand","embeddable":true,"href":"https:\/\/dev.prosportmagazin.md\/ro\/wp-json\/wp\/v2\/product_brand?post=71876"},{"taxonomy":"product_cat","embeddable":true,"href":"https:\/\/dev.prosportmagazin.md\/ro\/wp-json\/wp\/v2\/product_cat?post=71876"},{"taxonomy":"product_tag","embeddable":true,"href":"https:\/\/dev.prosportmagazin.md\/ro\/wp-json\/wp\/v2\/product_tag?post=71876"}],"curies":[{"name":"wp","href":"https:\/\/api.w.org\/{rel}","templated":true}]}}