{"id":78769,"date":"2026-01-25T00:00:00","date_gmt":"2026-01-24T21:00:00","guid":{"rendered":"https:\/\/prosport.md\/product\/adidas-x-speedflow-3-fy3296\/"},"modified":"2026-01-25T18:49:27","modified_gmt":"2026-01-25T15:49:27","slug":"adidas-x-speedflow-3-fy3296","status":"publish","type":"product","link":"https:\/\/dev.prosportmagazin.md\/ro\/product\/adidas-x-speedflow-3-fy3296\/","title":{"rendered":"Bute Adidas X Speedflow.3 FG (FY3296)"},"content":{"rendered":"<p><\/p>\n<p>Descriere<br \/>\nGhetele de fotbal adidas X Speedflow.3 FG sunt u\u0219oare \u0219i concepute pentru performan\u021b\u0103 la vitez\u0103 mare. Sunt potrivite pentru gazon natural \u0219i artificial cu fir lung.<\/p>\n<p>CONFORT<br \/>\nFa\u021ba superioar\u0103 din material textil Speedskin ofer\u0103 confort. Materialul elastic, extensibil \u00een 4 direc\u021bii, se potrive\u0219te perfect \u0219i fixeaz\u0103 piciorul \u00een siguran\u021b\u0103.<br \/>\nADERE PE TEREN<br \/>\nTalpa exterioar\u0103 din TPU asigur\u0103 o accelera\u021bie puternic\u0103 \u0219i o aderen\u021b\u0103 sigur\u0103.<br \/>\n<\/p>","protected":false},"excerpt":{"rendered":"<p>Descriere Ghetele de fotbal adidas X Speedflow.3 FG sunt u\u0219oare \u0219i concepute pentru performan\u021b\u0103 la vitez\u0103 mare. Sunt potrivite pentru<\/p>\n","protected":false},"featured_media":292681,"template":"","meta":[],"product_brand":[],"product_cat":[3086,2192,2765,1301],"product_tag":[473],"class_list":{"0":"post-78769","1":"product","2":"type-product","3":"status-publish","4":"has-post-thumbnail","6":"product_cat-big-sale-40","7":"product_cat-toate-incaltaminte-barbati","8":"product_cat-toata-incaltamintea-copii","9":"product_cat-bute","10":"product_tag-48-5","11":"pa_etichete-promotie","12":"pa_suprafata-fg-firm-ground","14":"first","15":"instock","16":"sale","17":"featured","18":"purchasable","19":"product-type-variable"},"wcpa_form_fields":null,"_links":{"self":[{"href":"https:\/\/dev.prosportmagazin.md\/ro\/wp-json\/wp\/v2\/product\/78769","targetHints":{"allow":["GET"]}}],"collection":[{"href":"https:\/\/dev.prosportmagazin.md\/ro\/wp-json\/wp\/v2\/product"}],"about":[{"href":"https:\/\/dev.prosportmagazin.md\/ro\/wp-json\/wp\/v2\/types\/product"}],"wp:featuredmedia":[{"embeddable":true,"href":"https:\/\/dev.prosportmagazin.md\/ro\/wp-json\/wp\/v2\/media\/292681"}],"wp:attachment":[{"href":"https:\/\/dev.prosportmagazin.md\/ro\/wp-json\/wp\/v2\/media?parent=78769"}],"wp:term":[{"taxonomy":"product_brand","embeddable":true,"href":"https:\/\/dev.prosportmagazin.md\/ro\/wp-json\/wp\/v2\/product_brand?post=78769"},{"taxonomy":"product_cat","embeddable":true,"href":"https:\/\/dev.prosportmagazin.md\/ro\/wp-json\/wp\/v2\/product_cat?post=78769"},{"taxonomy":"product_tag","embeddable":true,"href":"https:\/\/dev.prosportmagazin.md\/ro\/wp-json\/wp\/v2\/product_tag?post=78769"}],"curies":[{"name":"wp","href":"https:\/\/api.w.org\/{rel}","templated":true}]}}