{"id":83348,"date":"2025-09-28T00:00:00","date_gmt":"2025-09-27T21:00:00","guid":{"rendered":"https:\/\/prosport.md\/product\/adidas-predator-edge-gw1039\/"},"modified":"2025-10-03T08:50:59","modified_gmt":"2025-10-03T05:50:59","slug":"adidas-predator-edge-gw1039","status":"publish","type":"product","link":"https:\/\/dev.prosportmagazin.md\/ro\/product\/adidas-predator-edge-gw1039\/","title":{"rendered":"Bute Adidas Predator Edge+ LL FG (GW1039)"},"content":{"rendered":"<p><br \/>\nPREDATOR EDGE+ FG<br \/>St\u0103p\u00e2ne\u0219te mingea cu aceste ghete de fotbal ADIDAS f\u0103r\u0103 \u0219ireturi.<br \/>Vira. Control. Putere. adidas Predator are toate unghiurile acoperite. Intr\u0103 pe teren \u0219i g\u0103se\u0219te-\u021bi avantajul \u00een aceste ghete de fotbal pentru teren ferm. \u00cen partea superioar\u0103, partea superioar\u0103 Zone Skin f\u0103r\u0103 \u0219ireturi include sec\u021biuni cu nervuri discrete, fiecare excel\u00e2nd la un tip diferit de contact cizma-minge. Dedesubt, o fa\u021bet\u0103 de putere deturneaz\u0103 greutatea c\u0103tre antepicior pentru lovituri puternice. Gulerul adaptabil adidas PRIMEKNIT te blocheaz\u0103 \u00een timp ce stabile\u0219ti controlul.<br \/>\n  <\/p>","protected":false},"excerpt":{"rendered":"<p>MODEL PROFESIONAL<\/p>\n","protected":false},"featured_media":83351,"template":"","meta":[],"product_brand":[],"product_cat":[3086,2192,2765,1301],"product_tag":[388],"class_list":{"0":"post-83348","1":"product","2":"type-product","3":"status-publish","4":"has-post-thumbnail","6":"product_cat-big-sale-40","7":"product_cat-toate-incaltaminte-barbati","8":"product_cat-toata-incaltamintea-copii","9":"product_cat-bute","10":"product_tag-388","11":"pa_etichete-best-price","12":"pa_suprafata-fg-firm-ground","14":"first","15":"instock","16":"sale","17":"purchasable","18":"product-type-variable"},"wcpa_form_fields":null,"_links":{"self":[{"href":"https:\/\/dev.prosportmagazin.md\/ro\/wp-json\/wp\/v2\/product\/83348","targetHints":{"allow":["GET"]}}],"collection":[{"href":"https:\/\/dev.prosportmagazin.md\/ro\/wp-json\/wp\/v2\/product"}],"about":[{"href":"https:\/\/dev.prosportmagazin.md\/ro\/wp-json\/wp\/v2\/types\/product"}],"wp:featuredmedia":[{"embeddable":true,"href":"https:\/\/dev.prosportmagazin.md\/ro\/wp-json\/wp\/v2\/media\/83351"}],"wp:attachment":[{"href":"https:\/\/dev.prosportmagazin.md\/ro\/wp-json\/wp\/v2\/media?parent=83348"}],"wp:term":[{"taxonomy":"product_brand","embeddable":true,"href":"https:\/\/dev.prosportmagazin.md\/ro\/wp-json\/wp\/v2\/product_brand?post=83348"},{"taxonomy":"product_cat","embeddable":true,"href":"https:\/\/dev.prosportmagazin.md\/ro\/wp-json\/wp\/v2\/product_cat?post=83348"},{"taxonomy":"product_tag","embeddable":true,"href":"https:\/\/dev.prosportmagazin.md\/ro\/wp-json\/wp\/v2\/product_tag?post=83348"}],"curies":[{"name":"wp","href":"https:\/\/api.w.org\/{rel}","templated":true}]}}