{"id":85790,"date":"2025-10-15T13:00:00","date_gmt":"2025-10-15T10:00:00","guid":{"rendered":"https:\/\/prosport.md\/?post_type=product&#038;p=85790"},"modified":"2025-10-18T20:10:59","modified_gmt":"2025-10-18T17:10:59","slug":"nike-air-vapormax-2021","status":"publish","type":"product","link":"https:\/\/dev.prosportmagazin.md\/ro\/product\/nike-air-vapormax-2021\/","title":{"rendered":"Adidasi Nike Air Vapormax 2021 (DH4090-001)"},"content":{"rendered":"<p><\/p>\n<p>Nike face o plimbare pe partea s\u0103lbatic\u0103 cu aceast\u0103 nou\u0103 variant\u0103 de culoare a\u00a0<a href=\"https:\/\/www.kicksonfire.com\/tag\/nike-air-vapormax-2021\/\" target=\"_blank\" rel=\"noopener\">Nike Air VaporMax 2021<\/a>\u00a0, care este echipat\u0103 cu imprimeu leopard.\u00a0Acest Nike Air VaporMax 2021 \u00eencepe prin a fi acoperit cu o construc\u021bie Black Flyknit pe toat\u0103 partea superioar\u0103, care a fost, de asemenea, lovit\u0103 de pete subtile multicolore.\u00a0Atributele definitorii ale acestui Air VaporMax 2021 sunt imprimeul leopard de culoare maro\/maro\/negru v\u0103zut pe talonul c\u0103lc\u00e2iului, precum \u0219i accentele de ro\u0219u pe Swooshe-urile brodate \u0219i labele de tragere ale limbii \u0219i c\u0103lc\u00e2iului.\u00a0O talp\u0103 intermediar\u0103 VaporMax translucid\u0103, dedesubt, cu detalii Grind reciclate pe talpa exterioar\u0103 din cauciuc, \u00eenf\u0103\u0219oar\u0103 lucrurile pe acest Nike Air VaporMax 2021.<\/p>\n<p><\/p>","protected":false},"excerpt":{"rendered":"<p>Nike face o plimbare pe partea s\u0103lbatic\u0103 cu aceast\u0103 nou\u0103 variant\u0103 de culoare a\u00a0Nike Air VaporMax 2021\u00a0, care este echipat\u0103<\/p>\n","protected":false},"featured_media":85791,"template":"","meta":[],"product_brand":[],"product_cat":[2192,2765,2193,38],"product_tag":[],"class_list":{"0":"post-85790","1":"product","2":"type-product","3":"status-publish","4":"has-post-thumbnail","6":"product_cat-toate-incaltaminte-barbati","7":"product_cat-toata-incaltamintea-copii","8":"product_cat-toate-incaltaminte-femei","9":"product_cat-adidasi","11":"first","12":"instock","13":"sale","14":"purchasable","15":"product-type-variable"},"wcpa_form_fields":null,"_links":{"self":[{"href":"https:\/\/dev.prosportmagazin.md\/ro\/wp-json\/wp\/v2\/product\/85790","targetHints":{"allow":["GET"]}}],"collection":[{"href":"https:\/\/dev.prosportmagazin.md\/ro\/wp-json\/wp\/v2\/product"}],"about":[{"href":"https:\/\/dev.prosportmagazin.md\/ro\/wp-json\/wp\/v2\/types\/product"}],"wp:featuredmedia":[{"embeddable":true,"href":"https:\/\/dev.prosportmagazin.md\/ro\/wp-json\/wp\/v2\/media\/85791"}],"wp:attachment":[{"href":"https:\/\/dev.prosportmagazin.md\/ro\/wp-json\/wp\/v2\/media?parent=85790"}],"wp:term":[{"taxonomy":"product_brand","embeddable":true,"href":"https:\/\/dev.prosportmagazin.md\/ro\/wp-json\/wp\/v2\/product_brand?post=85790"},{"taxonomy":"product_cat","embeddable":true,"href":"https:\/\/dev.prosportmagazin.md\/ro\/wp-json\/wp\/v2\/product_cat?post=85790"},{"taxonomy":"product_tag","embeddable":true,"href":"https:\/\/dev.prosportmagazin.md\/ro\/wp-json\/wp\/v2\/product_tag?post=85790"}],"curies":[{"name":"wp","href":"https:\/\/api.w.org\/{rel}","templated":true}]}}