{"id":87706,"date":"2025-01-28T11:00:00","date_gmt":"2025-01-28T08:00:00","guid":{"rendered":"https:\/\/prosport.md\/?post_type=product&#038;p=87706"},"modified":"2025-10-03T08:56:21","modified_gmt":"2025-10-03T05:56:21","slug":"nike-react-vision-cd4373-101","status":"publish","type":"product","link":"https:\/\/dev.prosportmagazin.md\/ro\/product\/nike-react-vision-cd4373-101\/","title":{"rendered":"Adidasi Nike React Vision (FJ4231-100)"},"content":{"rendered":"<p><br \/>\nIndiferent unde te duc explor\u0103rile tale, Nike React Vision este gata cu un stil incontestabil \u0219i un confort suprareal. Texturile stratificate \u0219i formele juc\u0103u\u0219e se reunesc \u00eentr-un design influen\u021bat de lumea exagerat\u0103 a viselor noastre. Spuma Nike React \u0219i limb\u0103 c\u0103ptu\u0219it\u0103 ajut\u0103 la o amortizare de vis pentru toate aventurile tale &#8211; at\u00e2t reale, c\u00e2t \u0219i imaginare.<\/p>\n<p><\/p>","protected":false},"excerpt":{"rendered":"<p>Indiferent unde te duc explor\u0103rile tale, Nike React Vision este gata cu un stil incontestabil \u0219i un confort suprareal. Texturile<\/p>\n","protected":false},"featured_media":88058,"template":"","meta":[],"product_brand":[],"product_cat":[2192,2765,2193,38],"product_tag":[474],"class_list":{"0":"post-87706","1":"product","2":"type-product","3":"status-publish","4":"has-post-thumbnail","6":"product_cat-toate-incaltaminte-barbati","7":"product_cat-toata-incaltamintea-copii","8":"product_cat-toate-incaltaminte-femei","9":"product_cat-adidasi","10":"product_tag-474","12":"first","13":"instock","14":"sale","15":"purchasable","16":"product-type-variable"},"wcpa_form_fields":null,"_links":{"self":[{"href":"https:\/\/dev.prosportmagazin.md\/ro\/wp-json\/wp\/v2\/product\/87706","targetHints":{"allow":["GET"]}}],"collection":[{"href":"https:\/\/dev.prosportmagazin.md\/ro\/wp-json\/wp\/v2\/product"}],"about":[{"href":"https:\/\/dev.prosportmagazin.md\/ro\/wp-json\/wp\/v2\/types\/product"}],"wp:featuredmedia":[{"embeddable":true,"href":"https:\/\/dev.prosportmagazin.md\/ro\/wp-json\/wp\/v2\/media\/88058"}],"wp:attachment":[{"href":"https:\/\/dev.prosportmagazin.md\/ro\/wp-json\/wp\/v2\/media?parent=87706"}],"wp:term":[{"taxonomy":"product_brand","embeddable":true,"href":"https:\/\/dev.prosportmagazin.md\/ro\/wp-json\/wp\/v2\/product_brand?post=87706"},{"taxonomy":"product_cat","embeddable":true,"href":"https:\/\/dev.prosportmagazin.md\/ro\/wp-json\/wp\/v2\/product_cat?post=87706"},{"taxonomy":"product_tag","embeddable":true,"href":"https:\/\/dev.prosportmagazin.md\/ro\/wp-json\/wp\/v2\/product_tag?post=87706"}],"curies":[{"name":"wp","href":"https:\/\/api.w.org\/{rel}","templated":true}]}}