{"id":89881,"date":"1970-01-01T00:00:00","date_gmt":"1969-12-31T21:00:00","guid":{"rendered":"https:\/\/prosport.md\/?post_type=product&#038;p=89881"},"modified":"2025-10-18T20:11:32","modified_gmt":"2025-10-18T17:11:32","slug":"nike-air-max-90-premium-fj4003-100","status":"publish","type":"product","link":"https:\/\/dev.prosportmagazin.md\/ro\/product\/nike-air-max-90-premium-fj4003-100\/","title":{"rendered":"Adidasi Nike Air Max 90 Premium (FJ4003-100)"},"content":{"rendered":"<p><br \/>\n\u00cembr\u0103ca\u021bi-v\u0103 \u0219i sim\u021bi\u021bi mo\u0219tenirea. Produs la intersec\u021bia artei, muzicii \u0219i culturii, elementul de baz\u0103 al garderobei care a contribuit la definirea anilor &#8217;90 cap\u0103t\u0103 o str\u0103lucire premium, subestimat\u0103. P\u0103str\u00e2nd imaginile uimitoare pe care le iube\u0219ti cel mai mult: talp\u0103 exterioar\u0103 Waffle \u0219i amortizare cu aer expus\u0103, poart\u0103 o limb\u0103 pique, branding metalic \u0219i o c\u0103ptu\u0219eal\u0103 durabil\u0103.<\/p>\n<p>Afi\u0219at: alb\/argintiu metalic\/alb<br \/>\nStil: FJ4003-100<\/p>\n<p><\/p>","protected":false},"excerpt":{"rendered":"<p>\u00cembr\u0103ca\u021bi-v\u0103 \u0219i sim\u021bi\u021bi mo\u0219tenirea. Produs la intersec\u021bia artei, muzicii \u0219i culturii, elementul de baz\u0103 al garderobei care a contribuit la<\/p>\n","protected":false},"featured_media":89884,"template":"","meta":[],"product_brand":[],"product_cat":[2192,2765,2193,38],"product_tag":[],"class_list":{"0":"post-89881","1":"product","2":"type-product","3":"status-publish","4":"has-post-thumbnail","6":"product_cat-toate-incaltaminte-barbati","7":"product_cat-toata-incaltamintea-copii","8":"product_cat-toate-incaltaminte-femei","9":"product_cat-adidasi","11":"first","12":"instock","13":"sale","14":"taxable","15":"shipping-taxable","16":"purchasable","17":"product-type-variable"},"wcpa_form_fields":null,"_links":{"self":[{"href":"https:\/\/dev.prosportmagazin.md\/ro\/wp-json\/wp\/v2\/product\/89881","targetHints":{"allow":["GET"]}}],"collection":[{"href":"https:\/\/dev.prosportmagazin.md\/ro\/wp-json\/wp\/v2\/product"}],"about":[{"href":"https:\/\/dev.prosportmagazin.md\/ro\/wp-json\/wp\/v2\/types\/product"}],"wp:featuredmedia":[{"embeddable":true,"href":"https:\/\/dev.prosportmagazin.md\/ro\/wp-json\/wp\/v2\/media\/89884"}],"wp:attachment":[{"href":"https:\/\/dev.prosportmagazin.md\/ro\/wp-json\/wp\/v2\/media?parent=89881"}],"wp:term":[{"taxonomy":"product_brand","embeddable":true,"href":"https:\/\/dev.prosportmagazin.md\/ro\/wp-json\/wp\/v2\/product_brand?post=89881"},{"taxonomy":"product_cat","embeddable":true,"href":"https:\/\/dev.prosportmagazin.md\/ro\/wp-json\/wp\/v2\/product_cat?post=89881"},{"taxonomy":"product_tag","embeddable":true,"href":"https:\/\/dev.prosportmagazin.md\/ro\/wp-json\/wp\/v2\/product_tag?post=89881"}],"curies":[{"name":"wp","href":"https:\/\/api.w.org\/{rel}","templated":true}]}}