{"id":93430,"date":"2026-02-06T23:00:00","date_gmt":"2026-02-06T21:00:00","guid":{"rendered":"https:\/\/prosport.md\/?post_type=product&#038;p=93430"},"modified":"2026-03-03T20:14:06","modified_gmt":"2026-03-03T18:14:06","slug":"nike-dunk-low-fn3418-100","status":"publish","type":"product","link":"https:\/\/dev.prosportmagazin.md\/ro\/product\/nike-dunk-low-fn3418-100\/","title":{"rendered":"Ghete Nike Dunk Low \u201cWear and Tear\u201d (FN3418-100)"},"content":{"rendered":"<p><br \/>\nFascina\u021bia modelului Swoosh pentru stilul vintage nu este cu siguran\u021b\u0103 nimic nou, manifest\u00e2ndu-se \u00een modelul Air Jordan 1 \u201eLost &#038; Found\u201d, precum \u0219i \u00een nenum\u0103rate lans\u0103ri inline. Dar odat\u0103 cu acest Dunk Low recent dezv\u0103luit, Nike simuleaz\u0103 v\u00e2rsta \u00eentr-un mod mult mai unic, renun\u021b\u00e2nd la t\u0103lpile intermediare \u00eeng\u0103lbenite \u00een favoarea unui set de suprapuneri pre-uscate.<\/p>\n<p>O mare parte din construc\u021bia acestui Dunk Low juxtapune aspectul degradat din centrul temelor sale. Baza din piele alb\u0103, unitatea t\u0103lpii \u0219i Swoosh bleumarin, de exemplu, sunt impecabile \u00een ceea ce prive\u0219te starea, finisajele lor lipsindu-le de decolorare, zg\u00e2rieturi \u0219i marcaje perceptibile. Toate acestea sunt \u00eens\u0103 prezente pe suprapuneri, a c\u0103ror suprafa\u021b\u0103 este decolorat\u0103 \u0219i uzat\u0103 mult dup\u0103 vopsea. Mai mult, bran\u021burile sunt completate \u00een completarea panourilor men\u021bionate, de\u0219i \u00eentr-un mod mult mai artificial.<br \/>\n<\/p>","protected":false},"excerpt":{"rendered":"<p>Fascina\u021bia modelului Swoosh pentru stilul vintage nu este cu siguran\u021b\u0103 nimic nou, manifest\u00e2ndu-se \u00een modelul Air Jordan 1 \u201eLost &#038;<\/p>\n","protected":false},"featured_media":321341,"template":"","meta":[],"product_brand":[],"product_cat":[3086,2192,2765,2193,39],"product_tag":[],"class_list":{"0":"post-93430","1":"product","2":"type-product","3":"status-publish","4":"has-post-thumbnail","6":"product_cat-big-sale-40","7":"product_cat-toate-incaltaminte-barbati","8":"product_cat-toata-incaltamintea-copii","9":"product_cat-toate-incaltaminte-femei","10":"product_cat-ghete","11":"pa_etichete-best-seller","13":"first","14":"instock","15":"sale","16":"taxable","17":"shipping-taxable","18":"purchasable","19":"product-type-variable"},"wcpa_form_fields":null,"_links":{"self":[{"href":"https:\/\/dev.prosportmagazin.md\/ro\/wp-json\/wp\/v2\/product\/93430","targetHints":{"allow":["GET"]}}],"collection":[{"href":"https:\/\/dev.prosportmagazin.md\/ro\/wp-json\/wp\/v2\/product"}],"about":[{"href":"https:\/\/dev.prosportmagazin.md\/ro\/wp-json\/wp\/v2\/types\/product"}],"wp:featuredmedia":[{"embeddable":true,"href":"https:\/\/dev.prosportmagazin.md\/ro\/wp-json\/wp\/v2\/media\/321341"}],"wp:attachment":[{"href":"https:\/\/dev.prosportmagazin.md\/ro\/wp-json\/wp\/v2\/media?parent=93430"}],"wp:term":[{"taxonomy":"product_brand","embeddable":true,"href":"https:\/\/dev.prosportmagazin.md\/ro\/wp-json\/wp\/v2\/product_brand?post=93430"},{"taxonomy":"product_cat","embeddable":true,"href":"https:\/\/dev.prosportmagazin.md\/ro\/wp-json\/wp\/v2\/product_cat?post=93430"},{"taxonomy":"product_tag","embeddable":true,"href":"https:\/\/dev.prosportmagazin.md\/ro\/wp-json\/wp\/v2\/product_tag?post=93430"}],"curies":[{"name":"wp","href":"https:\/\/api.w.org\/{rel}","templated":true}]}}