{"id":94032,"date":"2025-03-25T00:00:00","date_gmt":"2025-03-24T21:00:00","guid":{"rendered":"https:\/\/prosport.md\/?post_type=product&#038;p=94032"},"modified":"2025-10-06T18:11:44","modified_gmt":"2025-10-06T15:11:44","slug":"fusta-adidas-ess-at3554","status":"publish","type":"product","link":"https:\/\/dev.prosportmagazin.md\/ro\/product\/fusta-adidas-ess-at3554\/","title":{"rendered":"Fusta Adidas Ess (AT3554)"},"content":{"rendered":"<p class=\"\" data-start=\"0\" data-end=\"5\"><\/p>\n<p class=\"\" data-start=\"7\" data-end=\"472\"><strong data-start=\"7\" data-end=\"30\">Descriere general\u0103:<\/strong> Fusta Adidas Ess\u00a0 este o pies\u0103 vestimentar\u0103 esen\u021bial\u0103 pentru orice garderob\u0103 sportiv\u0103. Creat\u0103 din materiale de calitate superioar\u0103, aceast\u0103 fust\u0103 ofer\u0103 un confort deosebit \u0219i o mobilitate excelent\u0103 \u00een timpul antrenamentelor sau \u00een activit\u0103\u021bile de zi cu zi. Designul simplu \u0219i elegant, combinat cu tehnologia de uscare rapid\u0103, face din aceast\u0103 fust\u0103 o alegere ideal\u0103 pentru femeile active care doresc s\u0103 se simt\u0103 bine \u00een orice moment.<\/p>\n<p class=\"\" data-start=\"474\" data-end=\"504\"><strong data-start=\"474\" data-end=\"504\">Caracteristici principale:<\/strong><\/p>\n<ul data-start=\"505\" data-end=\"1217\">\n<li class=\"\" data-start=\"505\" data-end=\"677\">\n<p class=\"\" data-start=\"507\" data-end=\"677\"><strong data-start=\"507\" data-end=\"532\">Material de calitate:<\/strong> Fusta este fabricat\u0103 dintr-un material u\u0219or, respirabil, care permite pielii s\u0103 respire, asigur\u00e2nd un confort maxim \u00een timpul mi\u0219c\u0103rilor rapide.<\/p>\n<\/li>\n<li class=\"\" data-start=\"678\" data-end=\"864\">\n<p class=\"\" data-start=\"680\" data-end=\"864\"><strong data-start=\"680\" data-end=\"712\">Tehnologia de uscare rapid\u0103:<\/strong> Materialul cu care este realizat\u0103 fusta absoarbe transpira\u021bia \u0219i se usuc\u0103 rapid, oferind un confort constant, chiar \u0219i \u00een timpul activit\u0103\u021bilor intense.<\/p>\n<\/li>\n<li class=\"\" data-start=\"865\" data-end=\"1042\">\n<p class=\"\" data-start=\"867\" data-end=\"1042\"><strong data-start=\"867\" data-end=\"896\">Design simplu \u0219i elegant:<\/strong> Fusta are un design clasic, cu un logo discret Adidas pe lateral, ceea ce \u00eei confer\u0103 un aspect modern \u0219i versatil, perfect pentru diverse ocazii.<\/p>\n<\/li>\n<li class=\"\" data-start=\"1043\" data-end=\"1217\">\n<p class=\"\" data-start=\"1045\" data-end=\"1217\"><strong data-start=\"1045\" data-end=\"1087\">Perfect\u0103 pentru activit\u0103\u021bile sportive:<\/strong> Fusta ofer\u0103 libertate de mi\u0219care, fiind ideal\u0103 pentru antrenamentele de fitness, alergat sau pur \u0219i simplu pentru o zi relaxant\u0103.<\/p>\n<\/li>\n<\/ul>\n<p class=\"\" data-start=\"1219\" data-end=\"1423\"><strong data-start=\"1219\" data-end=\"1235\">\u00centre\u021binere:<\/strong> Pentru o \u00eentre\u021binere optim\u0103, se recomand\u0103 sp\u0103larea fustei la temperaturi sc\u0103zute \u0219i evitarea folosirii \u00een\u0103lbitorilor. Se recomand\u0103 uscarea la aer pentru a p\u0103stra materialul \u00een stare bun\u0103.<\/p>\n<p class=\"\" data-start=\"1425\" data-end=\"1430\"><\/p>","protected":false},"excerpt":{"rendered":"<p>Descriere general\u0103: Fusta Adidas Ess\u00a0 este o pies\u0103 vestimentar\u0103 esen\u021bial\u0103 pentru orice garderob\u0103 sportiv\u0103. Creat\u0103 din materiale de calitate superioar\u0103,<\/p>\n","protected":false},"featured_media":198126,"template":"","meta":[],"product_brand":[],"product_cat":[3086,142,526,417],"product_tag":[1264],"class_list":{"0":"post-94032","1":"product","2":"type-product","3":"status-publish","4":"has-post-thumbnail","6":"product_cat-big-sale-40","7":"product_cat-last-size-last-price","8":"product_cat-rochii-si-fuste","9":"product_cat-sorti-femei","10":"product_tag-11-12-ani","11":"pa_etichete-reducere","13":"first","14":"instock","15":"sale","16":"purchasable","17":"product-type-variable"},"wcpa_form_fields":null,"_links":{"self":[{"href":"https:\/\/dev.prosportmagazin.md\/ro\/wp-json\/wp\/v2\/product\/94032","targetHints":{"allow":["GET"]}}],"collection":[{"href":"https:\/\/dev.prosportmagazin.md\/ro\/wp-json\/wp\/v2\/product"}],"about":[{"href":"https:\/\/dev.prosportmagazin.md\/ro\/wp-json\/wp\/v2\/types\/product"}],"wp:featuredmedia":[{"embeddable":true,"href":"https:\/\/dev.prosportmagazin.md\/ro\/wp-json\/wp\/v2\/media\/198126"}],"wp:attachment":[{"href":"https:\/\/dev.prosportmagazin.md\/ro\/wp-json\/wp\/v2\/media?parent=94032"}],"wp:term":[{"taxonomy":"product_brand","embeddable":true,"href":"https:\/\/dev.prosportmagazin.md\/ro\/wp-json\/wp\/v2\/product_brand?post=94032"},{"taxonomy":"product_cat","embeddable":true,"href":"https:\/\/dev.prosportmagazin.md\/ro\/wp-json\/wp\/v2\/product_cat?post=94032"},{"taxonomy":"product_tag","embeddable":true,"href":"https:\/\/dev.prosportmagazin.md\/ro\/wp-json\/wp\/v2\/product_tag?post=94032"}],"curies":[{"name":"wp","href":"https:\/\/api.w.org\/{rel}","templated":true}]}}