{"id":96046,"date":"2024-05-19T00:00:00","date_gmt":"2024-05-18T21:00:00","guid":{"rendered":"https:\/\/prosport.md\/?post_type=product&#038;p=96046"},"modified":"2025-11-13T19:48:59","modified_gmt":"2025-11-13T16:48:59","slug":"batonas-extra-crok-chocolate-50g-l-66661","status":"publish","type":"product","link":"https:\/\/dev.prosportmagazin.md\/ro\/product\/batonas-extra-crok-chocolate-50g-l-66661\/","title":{"rendered":"Batonas Extra Crok Cream 50g *Chocolate* (BT66662)"},"content":{"rendered":"<p><strong>BATON CRUNCHY \u0218I CREAMY, CON\u021aINUT RIDICAT DE PROTEINE (33%)<\/strong><br \/>\nBATONAS de proteine \u200b\u200bbogate \u00een trei straturi de nou\u0103 genera\u021bie<br \/>\nCon\u021binut sc\u0103zut de zah\u0103r, con\u021binut ridicat de fibre, f\u0103r\u0103 gr\u0103simi hidrogenate \u0219i f\u0103r\u0103 ulei de palmier. Formulat cu materii prime de \u00eenalt\u0103 calitate, are o digestibilitate excelent\u0103.<\/p>\n<ul>\n<li>CON\u021aINUT \u00ceNALT DE PROTEINE<\/li>\n<li>CON\u021aINUT SC\u0102ZUT DE ZAHAR<\/li>\n<li>S\u0102RAC \u00ceN CARBOHIDRA\u021aI#nbsp;FARA GLUTEN<\/li>\n<li>#nbsp;F\u0102R\u0102 OMG<\/li>\n<li>#nbsp;F\u0102R\u0102 PALM<\/li>\n<li>CON\u021aINUT \u00ceNALT DE FIBRE<\/li>\n<li>CRUNCHY \u0218I PLACUT<\/li>\n<li>#nbsp;DIGESTIBILITATE EXCELENT\u0102<\/li>\n<\/ul>\n<p><strong>Recomandat pentru:<\/strong><\/p>\n<ul>\n<li>Pentru cei care caut\u0103 o gustare s\u0103 r\u0103m\u00e2n\u0103 \u00een form\u0103<\/li>\n<li>Pentru cei care doresc s\u0103 integreze o por\u021bie de proteine \u200b\u200b\u00een dieta lor<\/li>\n<li>Pentru to\u021bi sportivii care sufer\u0103 un efort muscular intens<\/li>\n<li>Pentru cei care caut\u0103 un complement post-antrenament sau pre-exerci\u021biu<\/li>\n<\/ul>\n<p><\/p>","protected":false},"excerpt":{"rendered":"<p>BATON CRUNCHY \u0218I CREAMY, CON\u021aINUT RIDICAT DE PROTEINE (33%) BATONAS de proteine \u200b\u200bbogate \u00een trei straturi de nou\u0103 genera\u021bie Con\u021binut<\/p>\n","protected":false},"featured_media":96047,"template":"","meta":[],"product_brand":[],"product_cat":[667,665,1821],"product_tag":[],"class_list":{"0":"post-96046","1":"product","2":"type-product","3":"status-publish","4":"has-post-thumbnail","6":"product_cat-batonase","7":"product_cat-proteina","8":"product_cat-toate-suplimente","10":"first","11":"instock","12":"purchasable","13":"product-type-variable"},"wcpa_form_fields":null,"_links":{"self":[{"href":"https:\/\/dev.prosportmagazin.md\/ro\/wp-json\/wp\/v2\/product\/96046","targetHints":{"allow":["GET"]}}],"collection":[{"href":"https:\/\/dev.prosportmagazin.md\/ro\/wp-json\/wp\/v2\/product"}],"about":[{"href":"https:\/\/dev.prosportmagazin.md\/ro\/wp-json\/wp\/v2\/types\/product"}],"wp:featuredmedia":[{"embeddable":true,"href":"https:\/\/dev.prosportmagazin.md\/ro\/wp-json\/wp\/v2\/media\/96047"}],"wp:attachment":[{"href":"https:\/\/dev.prosportmagazin.md\/ro\/wp-json\/wp\/v2\/media?parent=96046"}],"wp:term":[{"taxonomy":"product_brand","embeddable":true,"href":"https:\/\/dev.prosportmagazin.md\/ro\/wp-json\/wp\/v2\/product_brand?post=96046"},{"taxonomy":"product_cat","embeddable":true,"href":"https:\/\/dev.prosportmagazin.md\/ro\/wp-json\/wp\/v2\/product_cat?post=96046"},{"taxonomy":"product_tag","embeddable":true,"href":"https:\/\/dev.prosportmagazin.md\/ro\/wp-json\/wp\/v2\/product_tag?post=96046"}],"curies":[{"name":"wp","href":"https:\/\/api.w.org\/{rel}","templated":true}]}}