{"id":96694,"date":"2026-02-02T00:00:00","date_gmt":"2026-02-01T21:00:00","guid":{"rendered":"https:\/\/prosport.md\/?post_type=product&#038;p=96694"},"modified":"2026-02-11T11:09:14","modified_gmt":"2026-02-11T08:09:14","slug":"nike-elemental-backpack-21l-dd0562-010","status":"publish","type":"product","link":"https:\/\/dev.prosportmagazin.md\/ro\/product\/nike-elemental-backpack-21l-dd0562-010\/","title":{"rendered":"Rucsac Nike Elemental Backpack (21L) (DD0562-010)"},"content":{"rendered":"<p><br \/>\nDe la antrenamente p\u00e2n\u0103 la treab\u0103, rucsacul Nike Elemental v\u0103 ofer\u0103 acoperire. Un compartiment mare cu fermoar ofer\u0103 spa\u021biu pentru pantofi sau un set suplimentar de haine pentru sal\u0103 \u0219i c\u0103r\u021bile \u0219i laptopul pentru \u0219coal\u0103. Cele 2 buzunare exterioare ajut\u0103 la p\u0103strarea electronicelor \u0219i a obiectelor esen\u021biale mici organizate \u0219i depozitate \u00een siguran\u021b\u0103. Acest produs este realizat cu cel pu\u021bin 65% fibre de poliester reciclate.<br \/>\n<\/p>","protected":false},"excerpt":{"rendered":"<p>De la antrenamente p\u00e2n\u0103 la treab\u0103, rucsacul Nike Elemental v\u0103 ofer\u0103 acoperire. Un compartiment mare cu fermoar ofer\u0103 spa\u021biu pentru<\/p>\n","protected":false},"featured_media":224757,"template":"","meta":[],"product_brand":[],"product_cat":[2196,2766,2197,44],"product_tag":[],"class_list":{"0":"post-96694","1":"product","2":"type-product","3":"status-publish","4":"has-post-thumbnail","6":"product_cat-toate-accesoriile-barbati","7":"product_cat-toate-accesoriile-copii","8":"product_cat-toate-accesoriile-femei","9":"product_cat-rucsacuri","10":"pa_etichete-new-collection","12":"first","13":"instock","14":"featured","15":"purchasable","16":"product-type-variable"},"wcpa_form_fields":null,"_links":{"self":[{"href":"https:\/\/dev.prosportmagazin.md\/ro\/wp-json\/wp\/v2\/product\/96694","targetHints":{"allow":["GET"]}}],"collection":[{"href":"https:\/\/dev.prosportmagazin.md\/ro\/wp-json\/wp\/v2\/product"}],"about":[{"href":"https:\/\/dev.prosportmagazin.md\/ro\/wp-json\/wp\/v2\/types\/product"}],"wp:featuredmedia":[{"embeddable":true,"href":"https:\/\/dev.prosportmagazin.md\/ro\/wp-json\/wp\/v2\/media\/224757"}],"wp:attachment":[{"href":"https:\/\/dev.prosportmagazin.md\/ro\/wp-json\/wp\/v2\/media?parent=96694"}],"wp:term":[{"taxonomy":"product_brand","embeddable":true,"href":"https:\/\/dev.prosportmagazin.md\/ro\/wp-json\/wp\/v2\/product_brand?post=96694"},{"taxonomy":"product_cat","embeddable":true,"href":"https:\/\/dev.prosportmagazin.md\/ro\/wp-json\/wp\/v2\/product_cat?post=96694"},{"taxonomy":"product_tag","embeddable":true,"href":"https:\/\/dev.prosportmagazin.md\/ro\/wp-json\/wp\/v2\/product_tag?post=96694"}],"curies":[{"name":"wp","href":"https:\/\/api.w.org\/{rel}","templated":true}]}}