{"id":97570,"date":"2023-10-13T16:59:31","date_gmt":"2023-10-13T13:59:31","guid":{"rendered":"https:\/\/prosport.md\/?post_type=product&#038;p=97570"},"modified":"2025-11-01T13:11:55","modified_gmt":"2025-11-01T10:11:55","slug":"crep-the-ultimate-gift-pack-b0b5ct9rdg","status":"publish","type":"product","link":"https:\/\/dev.prosportmagazin.md\/ro\/product\/crep-the-ultimate-gift-pack-b0b5ct9rdg\/","title":{"rendered":"Set Crep The Ultimate Gift Pack (B0B5CT9RDG)"},"content":{"rendered":"<p><\/p>\n<p>Un pachet con\u021bine: 1 X Spray Crep Protect 200 ml. 1 X Solu\u021bie de cur\u0103\u021bare Crep Protect Cure Ultimate. 1 x perie premium. 1 x c\u00e2rp\u0103 din microfibr\u0103. 12 X \u0219erve\u021bele<br \/>\nSpray super-hidrofob de 200 ml care creeaz\u0103 o acoperire invizibil\u0103 care respinge lichidele \u0219i previne petele. Pentru utilizare pe \u00eenc\u0103l\u021b\u0103minte din piele de c\u0103prioar\u0103, nubuck \u0219i p\u00e2nz\u0103. Crep Protect este u\u0219or de aplicat \u0219i se usuc\u0103 rapid. Aplica\u021bi 2 straturi.<br \/>\nMaterial exterior: sintetic<br \/>\nTrusa de cur\u0103\u021bare suprem\u0103 are toate instrumentele necesare pentru a v\u0103 cur\u0103\u021ba loviturile!. X 1 solu\u021bie de cur\u0103\u021bare, 100 ml \/ 3,5 oz solu\u021bie de cur\u0103\u021bare \u00eembun\u0103t\u0103\u021bit\u0103. Spal\u0103 peste 50 de perechi de adida\u0219i. X 1 perie premium, are peste 17000+ peri, perii mai scurti ofer\u0103 rezultate de cur\u0103\u021bare mai bune, \u00een timp ce perii sunt suficient de moi pentru a cur\u0103\u021ba materiale mai delicate. X 1 c\u00e2rp\u0103 din microfibr\u0103, ultra-moale, non-abraziv\u0103 \u0219i foarte absorbant\u0103.<br \/>\nX 12 \u0219erve\u021bele &#8211; sigilate individual pentru prospe\u021bime. \u0218erve\u021bele de m\u0103rime de c\u0103l\u0103torie, perfecte pentru acele semne nea\u0219teptate c\u00e2nd sunte\u021bi \u00een mi\u0219care. Partea neted\u0103 pentru cur\u0103\u021barea general\u0103 \u0219i partea texturat\u0103 pentru semne mai dure. Bumbac parfumat proasp\u0103t.<br \/>\nCadoul ideal pentru un sneakerhead. Crep Protect Ultimate Shoe Care Pack, asigur\u00e2ndu-se c\u0103 picioarele lor r\u0103m\u00e2n proaspete \u0219i protejate, deoarece fiecare pas spune o poveste<\/p>\n<p><\/p>","protected":false},"excerpt":{"rendered":"<p>Un pachet con\u021bine: 1 X Spray Crep Protect 200 ml. 1 X Solu\u021bie de cur\u0103\u021bare Crep Protect Cure Ultimate. 1<\/p>\n","protected":false},"featured_media":276393,"template":"","meta":[],"product_brand":[],"product_cat":[2196,2766,2197,654],"product_tag":[],"class_list":{"0":"post-97570","1":"product","2":"type-product","3":"status-publish","4":"has-post-thumbnail","6":"product_cat-toate-accesoriile-barbati","7":"product_cat-toate-accesoriile-copii","8":"product_cat-toate-accesoriile-femei","9":"product_cat-ingrijirea-incaltamintei","11":"first","12":"instock","13":"featured","14":"purchasable","15":"product-type-variable"},"wcpa_form_fields":null,"_links":{"self":[{"href":"https:\/\/dev.prosportmagazin.md\/ro\/wp-json\/wp\/v2\/product\/97570","targetHints":{"allow":["GET"]}}],"collection":[{"href":"https:\/\/dev.prosportmagazin.md\/ro\/wp-json\/wp\/v2\/product"}],"about":[{"href":"https:\/\/dev.prosportmagazin.md\/ro\/wp-json\/wp\/v2\/types\/product"}],"wp:featuredmedia":[{"embeddable":true,"href":"https:\/\/dev.prosportmagazin.md\/ro\/wp-json\/wp\/v2\/media\/276393"}],"wp:attachment":[{"href":"https:\/\/dev.prosportmagazin.md\/ro\/wp-json\/wp\/v2\/media?parent=97570"}],"wp:term":[{"taxonomy":"product_brand","embeddable":true,"href":"https:\/\/dev.prosportmagazin.md\/ro\/wp-json\/wp\/v2\/product_brand?post=97570"},{"taxonomy":"product_cat","embeddable":true,"href":"https:\/\/dev.prosportmagazin.md\/ro\/wp-json\/wp\/v2\/product_cat?post=97570"},{"taxonomy":"product_tag","embeddable":true,"href":"https:\/\/dev.prosportmagazin.md\/ro\/wp-json\/wp\/v2\/product_tag?post=97570"}],"curies":[{"name":"wp","href":"https:\/\/api.w.org\/{rel}","templated":true}]}}