{"id":161904,"date":"2024-08-29T11:16:10","date_gmt":"2024-08-29T08:16:10","guid":{"rendered":"https:\/\/prosport.md\/?page_id=161904"},"modified":"2024-08-29T11:16:10","modified_gmt":"2024-08-29T08:16:10","slug":"politica-de-schimb","status":"publish","type":"page","link":"https:\/\/dev.prosportmagazin.md\/ru\/politica-de-schimb\/","title":{"rendered":"Politica de schimb"},"content":{"rendered":"<p>\u00cen conformitate cu\u00a0<strong>Legea Republicii Moldova nr.105-XV din 13.03.2003 \u201ePrivind protec\u021bia consumatorului\u201d<\/strong>, exist\u0103 posibilitatea \u00een decurs de\u00a0<strong>14 zile calendaristice<\/strong>, de a \u00eenlocui cu un produs similar sau de restitui contravaloarea lui,\u00a0<strong>dac\u0103 produsul nu este utilizat, nu\u00a0 si-a pierdut calit\u0103tile de consum \u0219i dac\u0103 exist\u0103 probe c\u0103 a fost cump\u0103rat de la v\u00e2nz\u0103tor<\/strong>.<\/p>\n<p><strong>SCHIMB<\/strong><\/p>\n<p>Schimbul de bunuri este posibil numai din urm\u0103toarele motive<\/p>\n<ul>\n<li>M\u0103rimea este mare<\/li>\n<\/ul>\n<ul>\n<li>M\u0103rimea este mic\u0103<\/li>\n<\/ul>\n<p>Este posibil s\u0103 face\u021bi schimb de m\u0103rfuri pentru acela\u0219i model \u00eentr-o dimensiune diferit\u0103 (dac\u0103 este disponibil\u0103). \u00cen cazul \u00een care produsul necesar schimbului nu este disponibil, consumatorul are dreptul de a cere rambursarea costului bunului.<\/p>\n<p><strong>IMPORTANT!\u00a0In cazul in care solicitati schimbul de marime, pe linga formularul pe care il completati, sa indicati obligatoriu in comentariul comenzii Dvs marimea care doriti la schimb (in cazul schimbului de marimi). Fara plasarea informatiei respective in comanda Dvs., nu vom putea efectua schimbul de marime!<br \/>\nLivrarea m\u0103rimii necesare este pl\u0103tit\u0103 de cump\u0103r\u0103tor, c\u0103ci pentru a schimba m\u0103rimea trebuie s\u0103 plasa\u021bi o nou\u0103 comand\u0103. Costul livr\u0103rii este de 100 lei (pe regiune), iar gratuit \u00een Chi\u0219in\u0103u.<\/strong><\/p>\n<p><strong>Refuzul \u00eenlocuirea produsului de calitate corespunz\u0103toare<\/strong><\/p>\n<p>\u00cen conformitate cu\u00a0<strong>Legea Republicii Moldova nr.105 din 13.03.2003 \u201ePrivind protec\u021bia consumatorului\u201d<\/strong>, LISTA produselor nealimentare de calitate corespunz\u0103toare ce nu pot fi \u00eenlocuite cu un produs similar<\/p>\n<ul>\n<li>Confec\u0163ii \u015fi articole din tricot (<strong>articole de lenjerie de corp, lenjerie de pat, articole de cior\u0103p\u0103rie<\/strong>).<\/li>\n<\/ul>\n<p><strong>GARAN\u021aIE<\/strong><\/p>\n<p>Termenul de garan\u021bie este de 30 de zile de la data achizi\u021bion\u0103rii produsului. Reclama\u021biile ap\u0103rute din partea consumatorilor \u00een decursul a 30 zile, pot fi satisf\u0103cute doar \u00een cazul \u00een care produsul a avutun viciu ascuns (defect de fabrica\u021bie) nu \u0219i \u00een condi\u021biile de uzur\u0103 normal\u0103.<\/p>\n<p><strong>Procedura de depunere \u0219i examinare a pl\u00e2ngerii<br \/>\n<\/strong>1. \u00cen perioada de garan\u021bie, consumatorii depun pl\u00e2ngeri cu privire la produsele neconforme ini\u021bial v\u00e2nz\u0103torului.<br \/>\n2. Concomitent cu depunerea unei reclama\u021bii, consumatorul prezint\u0103 o copie a chitan\u021bei de numerar sau a altui document care confirm\u0103 achizi\u021bia (inclusiv cardul de garan\u021bie).<\/p>\n<p><strong>CREAN\u021aE<\/strong><\/p>\n<p>Dac\u0103 m\u0103rfurile achizi\u021bionate \u00een magazinul online PROSPORT MD \u00a0nu \u00eendeplinesc standardele noastre de calitate, Dvs.\u00a0pute\u021bi completa formularul de retur care \u00een opinia dvs. con\u021bin un defect, \u00eentr-un mod convenabil pentru dvs.\u00a0Pute\u021bi citi termenii ramburs\u0103rii de mai sus.<\/p>\n<p>Bunurile care prezint\u0103 defecte trebuie returnate magazinului online sau magazinului PROSPORT MD (pute\u021bi g\u0103si modalit\u0103\u021bi disponibile de returnare a bunurilor \u0219i a banilor de mai sus) pentru examinare. V\u0103 rug\u0103m s\u0103 contacta\u021bi operatorii no\u0219tri dac\u0103 ave\u021bi \u00eentreb\u0103ri la telefon + 37379041166 sau prin e-mail <a href=\"mailto:prosportmagazin@gmail.com\">prosportmagazin@gmail.com<\/a> . Reclama\u021biile sunt acceptate doar pentru acele produse care au fost achizi\u021bionate \u00een magazinul PROSPORT MD .<\/p>\n","protected":false},"excerpt":{"rendered":"<p>\u00cen conformitate cu\u00a0Legea Republicii Moldova nr.105-XV din 13.03.2003 \u201ePrivind protec\u021bia consumatorului\u201d, exist\u0103 posibilitatea \u00een decurs de\u00a014 zile calendaristice, de a<\/p>\n","protected":false},"author":1,"featured_media":0,"parent":0,"menu_order":0,"comment_status":"closed","ping_status":"closed","template":"","meta":{"footnotes":""},"class_list":["post-161904","page","type-page","status-publish","hentry"],"_links":{"self":[{"href":"https:\/\/dev.prosportmagazin.md\/ru\/wp-json\/wp\/v2\/pages\/161904","targetHints":{"allow":["GET"]}}],"collection":[{"href":"https:\/\/dev.prosportmagazin.md\/ru\/wp-json\/wp\/v2\/pages"}],"about":[{"href":"https:\/\/dev.prosportmagazin.md\/ru\/wp-json\/wp\/v2\/types\/page"}],"author":[{"embeddable":true,"href":"https:\/\/dev.prosportmagazin.md\/ru\/wp-json\/wp\/v2\/users\/1"}],"replies":[{"embeddable":true,"href":"https:\/\/dev.prosportmagazin.md\/ru\/wp-json\/wp\/v2\/comments?post=161904"}],"version-history":[{"count":0,"href":"https:\/\/dev.prosportmagazin.md\/ru\/wp-json\/wp\/v2\/pages\/161904\/revisions"}],"wp:attachment":[{"href":"https:\/\/dev.prosportmagazin.md\/ru\/wp-json\/wp\/v2\/media?parent=161904"}],"curies":[{"name":"wp","href":"https:\/\/api.w.org\/{rel}","templated":true}]}}